{"id":950,"date":"2023-02-05T12:28:06","date_gmt":"2023-02-05T12:28:06","guid":{"rendered":"https:\/\/neuronthemes.com\/gega\/?page_id=950"},"modified":"2024-05-15T19:37:34","modified_gmt":"2024-05-15T19:37:34","slug":"simple-blog","status":"publish","type":"page","link":"http:\/\/tabua-rasa.com\/en\/simple-blog\/","title":{"rendered":"Simple Blog"},"content":{"rendered":"<div data-elementor-type=\"wp-page\" data-elementor-id=\"950\" class=\"elementor elementor-950\">\n\t\t\t\t\t\t<section class=\"elementor-section elementor-top-section elementor-element elementor-element-3ccc5c6 elementor-section-full_width n-gega-container--wide elementor-section-height-default elementor-section-height-default\" data-id=\"3ccc5c6\" data-element_type=\"section\" data-e-type=\"section\">\n\t\t\t\t\t\t<div class=\"elementor-container elementor-column-gap-no\">\n\t\t\t\t\t<div class=\"elementor-column elementor-col-100 elementor-top-column elementor-element elementor-element-709fca3\" data-id=\"709fca3\" data-element_type=\"column\" data-e-type=\"column\">\n\t\t\t<div class=\"elementor-widget-wrap elementor-element-populated\">\n\t\t\t\t\t\t<div class=\"elementor-element elementor-element-1458e93 elementor-invisible elementor-widget elementor-widget-heading\" data-id=\"1458e93\" data-element_type=\"widget\" data-e-type=\"widget\" data-settings=\"{&quot;_animation&quot;:&quot;h-neuron-animation--specialOne&quot;}\" data-widget_type=\"heading.default\">\n\t\t\t\t<div class=\"elementor-widget-container\">\n\t\t\t\t\t<h2 class=\"elementor-heading-title elementor-size-default\">ART MAGAZINE<\/h2>\t\t\t\t<\/div>\n\t\t\t\t<\/div>\n\t\t\t\t\t<\/div>\n\t\t<\/div>\n\t\t\t\t\t<\/div>\n\t\t<\/section>\n\t\t\t\t<section class=\"elementor-section elementor-top-section elementor-element elementor-element-c7cfab5 elementor-section-full_width n-gega-container--wide elementor-section-height-default elementor-section-height-default elementor-invisible\" data-id=\"c7cfab5\" data-element_type=\"section\" data-e-type=\"section\" data-settings=\"{&quot;animation&quot;:&quot;h-neuron-animation--fadeIn&quot;}\">\n\t\t\t\t\t\t<div class=\"elementor-container elementor-column-gap-no\">\n\t\t\t\t\t<div class=\"elementor-column elementor-col-100 elementor-top-column elementor-element elementor-element-97f9703\" data-id=\"97f9703\" data-element_type=\"column\" data-e-type=\"column\">\n\t\t\t<div class=\"elementor-widget-wrap elementor-element-populated\">\n\t\t\t\t\t\t<div class=\"elementor-element elementor-element-0ca571f elementor-widget elementor-widget-heading\" data-id=\"0ca571f\" data-element_type=\"widget\" data-e-type=\"widget\" data-widget_type=\"heading.default\">\n\t\t\t\t<div class=\"elementor-widget-container\">\n\t\t\t\t\t<span class=\"elementor-heading-title elementor-size-default\">Categories<\/span>\t\t\t\t<\/div>\n\t\t\t\t<\/div>\n\t\t\t\t\t<\/div>\n\t\t<\/div>\n\t\t\t\t\t<\/div>\n\t\t<\/section>\n\t\t\t\t<section class=\"elementor-section elementor-top-section elementor-element elementor-element-81c9a1c elementor-section-full_width n-gega-container--wide elementor-section-height-default elementor-section-height-default\" data-id=\"81c9a1c\" data-element_type=\"section\" data-e-type=\"section\">\n\t\t\t\t\t\t<div class=\"elementor-container elementor-column-gap-no\">\n\t\t\t\t\t<div class=\"elementor-column elementor-col-100 elementor-top-column elementor-element elementor-element-5f1a257\" data-id=\"5f1a257\" data-element_type=\"column\" data-e-type=\"column\">\n\t\t\t<div class=\"elementor-widget-wrap elementor-element-populated\">\n\t\t\t\t\t\t<div class=\"elementor-element elementor-element-5179551 l-neuron-grid-wrapper--columns__3 l-neuron-grid-wrapper-tablet--columns__2 l-neuron-grid-wrapper-mobile--columns__1 m-neuron-posts--thumbnail-top m-neuron-posts--layout-grid elementor-invisible elementor-widget elementor-widget-neuron-posts\" data-id=\"5179551\" data-element_type=\"widget\" data-e-type=\"widget\" data-settings=\"{&quot;row_gap&quot;:{&quot;unit&quot;:&quot;px&quot;,&quot;size&quot;:0,&quot;sizes&quot;:[]},&quot;_animation&quot;:&quot;h-neuron-animation--fadeIn&quot;,&quot;columns&quot;:&quot;3&quot;,&quot;columns_tablet&quot;:&quot;2&quot;,&quot;columns_mobile&quot;:&quot;1&quot;,&quot;layout&quot;:&quot;grid&quot;,&quot;pagination&quot;:&quot;none&quot;,&quot;row_gap_laptop&quot;:{&quot;unit&quot;:&quot;px&quot;,&quot;size&quot;:&quot;&quot;,&quot;sizes&quot;:[]},&quot;row_gap_tablet&quot;:{&quot;unit&quot;:&quot;px&quot;,&quot;size&quot;:&quot;&quot;,&quot;sizes&quot;:[]},&quot;row_gap_mobile&quot;:{&quot;unit&quot;:&quot;px&quot;,&quot;size&quot;:&quot;&quot;,&quot;sizes&quot;:[]},&quot;animation&quot;:&quot;yes&quot;,&quot;neuron_animations&quot;:&quot;h-neuron-animation--slideUp&quot;,&quot;neuron_animations_duration&quot;:&quot;animated&quot;,&quot;animation_delay&quot;:0}\" data-widget_type=\"neuron-posts.default\">\n\t\t\t\t<div class=\"elementor-widget-container\">\n\t\t\t\t\t\t\t\t\t\t\t<div class=\"l-neuron-grid\" data-masonry-id=\"de40fbc67586017e713d36b01f4bbbe7\">\r\n\t\t\t\t\t\t\t\t\t\t\t\t<article class=\"l-neuron-grid__item h-neuron-animation--wow m-neuron-post post-5754 post type-post status-publish format-standard hentry category-uncategorized\" data-id=\"5754\">\r\n\t\t\t\t\t\t\t\t<div class=\"m-neuron-post__inner m-neuron-post__inner--classic\">\r\n        \r\n        <span class=\"m-neuron-post__meta-data\"> <span class=\"date\"> February 28, 2025<\/span> <span class=\"terms\"> <a href=\"http:\/\/tabua-rasa.com\/en\/category\/uncategorized\/\">Uncategorized<\/a><\/span> <\/span><h3 class=\"m-neuron-post__title\"><a href=\"http:\/\/tabua-rasa.com\/en\/2025\/02\/28\/elementor-5754\/\">Artigo sobre o T\u00e1bua Rasa na NIT<\/a><\/h3><div class=\"m-neuron-post__excerpt\">Artigo de Daniel Vidal sobre o T\u00e1bua Rasa na \u201cNew in Town\u201d, para ler aqui.<\/div><div class=\"m-neuron-post__read-more\"><a href=\"http:\/\/tabua-rasa.com\/en\/2025\/02\/28\/elementor-5754\/\"><span>Read More<\/span><span class=\"m-neuron-post__read-more--icon\"><\/span><\/a><\/div>        \r\n    <\/div>\t\t\t\t\t\t\t<\/article>\r\n\t\t\t\t\t\t\t\t\t\t\t\t\t\t<article class=\"l-neuron-grid__item h-neuron-animation--wow m-neuron-post post-5209 post type-post status-publish format-standard has-post-thumbnail hentry category-uncategorized\" data-id=\"5209\">\r\n\t\t\t\t\t\t\t\t<div class=\"m-neuron-post__inner m-neuron-post__inner--classic\">\r\n        \r\n        <span class=\"m-neuron-post__meta-data\"> <span class=\"date\"> May 18, 2024<\/span> <span class=\"terms\"> <a href=\"http:\/\/tabua-rasa.com\/en\/category\/uncategorized\/\">Uncategorized<\/a><\/span> <\/span><a class=\"m-neuron-post__thumbnail--link\"  href=\"http:\/\/tabua-rasa.com\/en\/2024\/05\/18\/tabua-rasa-abre-no-timeout-market-porto\/\"><div class=\"m-neuron-post__thumbnail\"><img fetchpriority=\"high\" decoding=\"async\" width=\"670\" height=\"600\" src=\"http:\/\/tabua-rasa.com\/wp-content\/uploads\/2024\/05\/sao-bento01.jpg\" class=\"attachment-full size-full wp-post-image\" alt=\"\" srcset=\"http:\/\/tabua-rasa.com\/wp-content\/uploads\/2024\/05\/sao-bento01.jpg 670w, http:\/\/tabua-rasa.com\/wp-content\/uploads\/2024\/05\/sao-bento01-300x269.jpg 300w, http:\/\/tabua-rasa.com\/wp-content\/uploads\/2024\/05\/sao-bento01-600x537.jpg 600w\" sizes=\"(max-width: 670px) 100vw, 670px\" \/><\/div><\/a><h3 class=\"m-neuron-post__title\"><a href=\"http:\/\/tabua-rasa.com\/en\/2024\/05\/18\/tabua-rasa-abre-no-timeout-market-porto\/\">T\u00e1bua Rasa abre no TimeOut Market Porto<\/a><\/h3><div class=\"m-neuron-post__excerpt\">O T\u00e1bua Rasa inaugurou em Maio no novo TimeOut Market Porto.<\/div><div class=\"m-neuron-post__read-more\"><a href=\"http:\/\/tabua-rasa.com\/en\/2024\/05\/18\/tabua-rasa-abre-no-timeout-market-porto\/\"><span>Read More<\/span><span class=\"m-neuron-post__read-more--icon\"><\/span><\/a><\/div>        \r\n    <\/div>\t\t\t\t\t\t\t<\/article>\r\n\t\t\t\t\t\t\t\t\t\t\t\t\t\t<article class=\"l-neuron-grid__item h-neuron-animation--wow m-neuron-post post-5760 post type-post status-publish format-standard hentry category-uncategorized\" data-id=\"5760\">\r\n\t\t\t\t\t\t\t\t<div class=\"m-neuron-post__inner m-neuron-post__inner--classic\">\r\n        \r\n        <span class=\"m-neuron-post__meta-data\"> <span class=\"date\"> January 21, 2016<\/span> <span class=\"terms\"> <a href=\"http:\/\/tabua-rasa.com\/en\/category\/uncategorized\/\">Uncategorized<\/a><\/span> <\/span><h3 class=\"m-neuron-post__title\"><a href=\"http:\/\/tabua-rasa.com\/en\/2016\/01\/21\/elementor-5760\/\">T\u00e1bua Rasa na Revista Vis\u00e3o<\/a><\/h3><div class=\"m-neuron-post__excerpt\">Uma p\u00e1gina de reportagem dedicada ao T\u00e1bua Rasa, no suplemento \u201cSETE\u201d da revista Vis\u00e3o de 21-01-2016.<\/div><div class=\"m-neuron-post__read-more\"><a href=\"http:\/\/tabua-rasa.com\/en\/2016\/01\/21\/elementor-5760\/\"><span>Read More<\/span><span class=\"m-neuron-post__read-more--icon\"><\/span><\/a><\/div>        \r\n    <\/div>\t\t\t\t\t\t\t<\/article>\r\n\t\t\t\t\t\t\t\t\t\t\t\t\t\t<article class=\"l-neuron-grid__item h-neuron-animation--wow m-neuron-post post-5375 post type-post status-publish format-standard has-post-thumbnail hentry category-uncategorized\" data-id=\"5375\">\r\n\t\t\t\t\t\t\t\t<div class=\"m-neuron-post__inner m-neuron-post__inner--classic\">\r\n        \r\n        <span class=\"m-neuron-post__meta-data\"> <span class=\"date\"> December 15, 2015<\/span> <span class=\"terms\"> <a href=\"http:\/\/tabua-rasa.com\/en\/category\/uncategorized\/\">Uncategorized<\/a><\/span> <\/span><a class=\"m-neuron-post__thumbnail--link\"  href=\"http:\/\/tabua-rasa.com\/en\/2015\/12\/15\/inauguracao\/\"><div class=\"m-neuron-post__thumbnail\"><img decoding=\"async\" width=\"1500\" height=\"627\" src=\"http:\/\/tabua-rasa.com\/wp-content\/uploads\/2024\/12\/TABUA-RASA-INAUGURACAO-02.jpg\" class=\"attachment-full size-full wp-post-image\" alt=\"\" srcset=\"http:\/\/tabua-rasa.com\/wp-content\/uploads\/2024\/12\/TABUA-RASA-INAUGURACAO-02.jpg 1500w, http:\/\/tabua-rasa.com\/wp-content\/uploads\/2024\/12\/TABUA-RASA-INAUGURACAO-02-300x125.jpg 300w, http:\/\/tabua-rasa.com\/wp-content\/uploads\/2024\/12\/TABUA-RASA-INAUGURACAO-02-1024x428.jpg 1024w, http:\/\/tabua-rasa.com\/wp-content\/uploads\/2024\/12\/TABUA-RASA-INAUGURACAO-02-768x321.jpg 768w, http:\/\/tabua-rasa.com\/wp-content\/uploads\/2024\/12\/TABUA-RASA-INAUGURACAO-02-600x251.jpg 600w\" sizes=\"(max-width: 1500px) 100vw, 1500px\" \/><\/div><\/a><h3 class=\"m-neuron-post__title\"><a href=\"http:\/\/tabua-rasa.com\/en\/2015\/12\/15\/inauguracao\/\">INAUGURA\u00c7\u00c3O<\/a><\/h3><div class=\"m-neuron-post__excerpt\">A inaugura\u00e7\u00e3o do T\u00e1bua Rasa vai acontecer no pr\u00f3ximo dia 12 de Dezembro, a partir das 16h, com um concerto dos Samba sem Fronteiras<\/div><div class=\"m-neuron-post__read-more\"><a href=\"http:\/\/tabua-rasa.com\/en\/2015\/12\/15\/inauguracao\/\"><span>Read More<\/span><span class=\"m-neuron-post__read-more--icon\"><\/span><\/a><\/div>        \r\n    <\/div>\t\t\t\t\t\t\t<\/article>\r\n\t\t\t\t\t\t\t\t\t\t\t<\/div>\r\n\t\t\t\r\n\t\t\t\t\t\t<\/div>\n\t\t\t\t<\/div>\n\t\t\t\t\t<\/div>\n\t\t<\/div>\n\t\t\t\t\t<\/div>\n\t\t<\/section>\n\t\t\t\t<\/div>","protected":false},"excerpt":{"rendered":"<p>ART MAGAZINE Categories All artblog artwork art memphis boldcolor shape lines January 4, 2023 Art What Disney Movies Can Teach Us About Illustration Far far away, behind the word mountains, far from the countries Vokalia and Consonantia, there live the blind texts.Read More January 4, 2023 Abstract The Illustration Industry Is Changing Fast. Here&#8217;s How&#8230;<\/p>","protected":false},"author":1,"featured_media":0,"parent":0,"menu_order":0,"comment_status":"closed","ping_status":"closed","template":"","meta":{"footnotes":""},"class_list":["post-950","page","type-page","status-publish","hentry"],"_links":{"self":[{"href":"http:\/\/tabua-rasa.com\/en\/wp-json\/wp\/v2\/pages\/950","targetHints":{"allow":["GET"]}}],"collection":[{"href":"http:\/\/tabua-rasa.com\/en\/wp-json\/wp\/v2\/pages"}],"about":[{"href":"http:\/\/tabua-rasa.com\/en\/wp-json\/wp\/v2\/types\/page"}],"author":[{"embeddable":true,"href":"http:\/\/tabua-rasa.com\/en\/wp-json\/wp\/v2\/users\/1"}],"replies":[{"embeddable":true,"href":"http:\/\/tabua-rasa.com\/en\/wp-json\/wp\/v2\/comments?post=950"}],"version-history":[{"count":1,"href":"http:\/\/tabua-rasa.com\/en\/wp-json\/wp\/v2\/pages\/950\/revisions"}],"predecessor-version":[{"id":4534,"href":"http:\/\/tabua-rasa.com\/en\/wp-json\/wp\/v2\/pages\/950\/revisions\/4534"}],"wp:attachment":[{"href":"http:\/\/tabua-rasa.com\/en\/wp-json\/wp\/v2\/media?parent=950"}],"curies":[{"name":"wp","href":"https:\/\/api.w.org\/{rel}","templated":true}]}}