{"id":880,"date":"2023-01-18T15:28:24","date_gmt":"2023-01-18T15:28:24","guid":{"rendered":"https:\/\/neuronthemes.com\/gega\/?page_id=880"},"modified":"2024-05-15T19:37:34","modified_gmt":"2024-05-15T19:37:34","slug":"blog-left-sidebar","status":"publish","type":"page","link":"http:\/\/tabua-rasa.com\/en\/blog-left-sidebar\/","title":{"rendered":"Blog Left Sidebar"},"content":{"rendered":"<div data-elementor-type=\"wp-page\" data-elementor-id=\"880\" class=\"elementor elementor-880\">\n\t\t\t\t\t\t<section class=\"elementor-section elementor-top-section elementor-element elementor-element-2c9ae81 elementor-section-full_width n-gega-container--wide elementor-section-height-default elementor-section-height-default\" data-id=\"2c9ae81\" data-element_type=\"section\" data-e-type=\"section\">\n\t\t\t\t\t\t<div class=\"elementor-container elementor-column-gap-no\">\n\t\t\t\t\t<div class=\"elementor-column elementor-col-100 elementor-top-column elementor-element elementor-element-6dd59d1\" data-id=\"6dd59d1\" data-element_type=\"column\" data-e-type=\"column\">\n\t\t\t<div class=\"elementor-widget-wrap elementor-element-populated\">\n\t\t\t\t\t\t<div class=\"elementor-element elementor-element-0faf809 elementor-widget elementor-widget-neuron-breadcrumbs\" data-id=\"0faf809\" data-element_type=\"widget\" data-e-type=\"widget\" data-widget_type=\"neuron-breadcrumbs.default\">\n\t\t\t\t<div class=\"elementor-widget-container\">\n\t\t\t\t\t\r\n\t\t\t<div class=\"m-neuron-breadcrumbs\" aria-label=\"You are here:\">\r\n\t\t\t\t<span class=\"m-neuron-breadcrumbs__item\"><a href=\"https:\/\/neuronthemes.com\/gega\/\">Home \/<\/a><\/span> <span class=\"m-neuron-breadcrumbs__separator\"> <\/span> <span class=\"m-neuron-breadcrumbs__item\" aria-current=\"page\">Blog Left Sidebar<\/span>\t\t\t<\/div>\r\n\r\n\t\t   \t\t\t\t<\/div>\n\t\t\t\t<\/div>\n\t\t\t\t\t<\/div>\n\t\t<\/div>\n\t\t\t\t\t<\/div>\n\t\t<\/section>\n\t\t\t\t<section class=\"elementor-section elementor-top-section elementor-element elementor-element-44e5c31 elementor-section-boxed elementor-section-height-default elementor-section-height-default\" data-id=\"44e5c31\" data-element_type=\"section\" data-e-type=\"section\">\n\t\t\t\t\t\t<div class=\"elementor-container elementor-column-gap-default\">\n\t\t\t\t\t<div class=\"elementor-column elementor-col-100 elementor-top-column elementor-element elementor-element-938ee82\" data-id=\"938ee82\" data-element_type=\"column\" data-e-type=\"column\">\n\t\t\t<div class=\"elementor-widget-wrap elementor-element-populated\">\n\t\t\t\t\t\t<div class=\"elementor-element elementor-element-bc30bad elementor-widget elementor-widget-heading\" data-id=\"bc30bad\" data-element_type=\"widget\" data-e-type=\"widget\" data-widget_type=\"heading.default\">\n\t\t\t\t<div class=\"elementor-widget-container\">\n\t\t\t\t\t<h2 class=\"elementor-heading-title elementor-size-default\">Left Sidebar<\/h2>\t\t\t\t<\/div>\n\t\t\t\t<\/div>\n\t\t\t\t\t<\/div>\n\t\t<\/div>\n\t\t\t\t\t<\/div>\n\t\t<\/section>\n\t\t\t\t<section class=\"elementor-section elementor-top-section elementor-element elementor-element-25d7fb4 elementor-section-boxed elementor-section-height-default elementor-section-height-default\" data-id=\"25d7fb4\" data-element_type=\"section\" data-e-type=\"section\">\n\t\t\t\t\t\t<div class=\"elementor-container elementor-column-gap-default\">\n\t\t\t\t\t<div class=\"elementor-column elementor-col-50 elementor-top-column elementor-element elementor-element-841bbc0\" data-id=\"841bbc0\" data-element_type=\"column\" data-e-type=\"column\">\n\t\t\t<div class=\"elementor-widget-wrap elementor-element-populated\">\n\t\t\t\t\t\t<div class=\"elementor-element elementor-element-bcd9262 elementor-widget elementor-widget-heading\" data-id=\"bcd9262\" data-element_type=\"widget\" data-e-type=\"widget\" data-widget_type=\"heading.default\">\n\t\t\t\t<div class=\"elementor-widget-container\">\n\t\t\t\t\t<h2 class=\"elementor-heading-title elementor-size-default\">Search<\/h2>\t\t\t\t<\/div>\n\t\t\t\t<\/div>\n\t\t\t\t<div class=\"elementor-element elementor-element-2cc12a2 m-neuron-search-form--button-type-icon elementor-widget elementor-widget-neuron-search-form\" data-id=\"2cc12a2\" data-element_type=\"widget\" data-e-type=\"widget\" data-widget_type=\"neuron-search-form.default\">\n\t\t\t\t<div class=\"elementor-widget-container\">\n\t\t\t\t\t\t\t<form class=\"m-neuron-search-form\" role=\"search\" action=\"http:\/\/tabua-rasa.com\/en\/\" method=\"get\" data-trp-original-action=\"http:\/\/tabua-rasa.com\/en\/\">\r\n\t\t\t\t\t\t\r\n\r\n\t\t\t \r\n\r\n\t\t\t<div class=\"m-neuron-search-form__container\">\r\n\r\n\t\t\t\t \r\n\r\n\t\t\t\t<input placeholder=\"Type something here...\" class=\"m-neuron-search-form__input\" type=\"search\" name=\"s\" title=\"Search\" value=\"\">\r\n\r\n\t\t\t\t\r\n\t\t\t\t\t\t\t\t\t<button class=\"m-neuron-search-form__submit\" type=\"submit\" title=\"Search\" aria-label=\"Search\">\r\n\t\t\t\t\t\t\t\t\t\t\t\t\t\t\t\t\t\t\t\t<span class=\"elementor-screen-only\">Search<\/span>\r\n\t\t\t\t\t\t\t\t\t\t\t<\/button>\r\n\t\t\t\t\t\t\t<\/div>\r\n\r\n\t\t\t \r\n\t\t<input type=\"hidden\" name=\"trp-form-language\" value=\"en\"\/><\/form>\r\n\t\t\t\t\t\t<\/div>\n\t\t\t\t<\/div>\n\t\t\t\t<div class=\"elementor-element elementor-element-9536d60 elementor-widget elementor-widget-heading\" data-id=\"9536d60\" data-element_type=\"widget\" data-e-type=\"widget\" data-widget_type=\"heading.default\">\n\t\t\t\t<div class=\"elementor-widget-container\">\n\t\t\t\t\t<h5 class=\"elementor-heading-title elementor-size-default\">Popular Tags<\/h5>\t\t\t\t<\/div>\n\t\t\t\t<\/div>\n\t\t\t\t<div class=\"elementor-element elementor-element-1bf3fb4 elementor-widget elementor-widget-sidebar\" data-id=\"1bf3fb4\" data-element_type=\"widget\" data-e-type=\"widget\" data-widget_type=\"sidebar.default\">\n\t\t\t\t<div class=\"elementor-widget-container\">\n\t\t\t\t\t<div id=\"block-2\" class=\"m-ntheme-widget widget_block widget_search\"><form role=\"search\" method=\"get\" action=\"http:\/\/tabua-rasa.com\/en\/\" class=\"wp-block-search__button-outside wp-block-search__text-button wp-block-search\" data-trp-original-action=\"http:\/\/tabua-rasa.com\/en\/\"    ><label class=\"wp-block-search__label\" for=\"wp-block-search__input-1\" >Search<\/label><div class=\"wp-block-search__inside-wrapper\" ><input class=\"wp-block-search__input\" id=\"wp-block-search__input-1\" placeholder=\"\" value=\"\" type=\"search\" name=\"s\" required \/><button aria-label=\"Search\" class=\"wp-block-search__button wp-element-button\" type=\"submit\" >Search<\/button><\/div><input type=\"hidden\" name=\"trp-form-language\" value=\"en\"\/><\/form><\/div><div id=\"block-3\" class=\"m-ntheme-widget widget_block\"><div class=\"wp-block-group\"><div class=\"wp-block-group__inner-container is-layout-flow wp-block-group-is-layout-flow\"><h2 class=\"wp-block-heading\">Recent Posts<\/h2><ul class=\"wp-block-latest-posts__list wp-block-latest-posts\"><li><a class=\"wp-block-latest-posts__post-title\" href=\"http:\/\/tabua-rasa.com\/en\/2025\/02\/28\/elementor-5754\/\">Artigo sobre o T\u00e1bua Rasa na NIT<\/a><\/li>\n<li><a class=\"wp-block-latest-posts__post-title\" href=\"http:\/\/tabua-rasa.com\/en\/2024\/05\/18\/tabua-rasa-abre-no-timeout-market-porto\/\">T\u00e1bua Rasa abre no TimeOut Market Porto<\/a><\/li>\n<li><a class=\"wp-block-latest-posts__post-title\" href=\"http:\/\/tabua-rasa.com\/en\/2016\/01\/21\/elementor-5760\/\">T\u00e1bua Rasa na Revista Vis\u00e3o<\/a><\/li>\n<li><a class=\"wp-block-latest-posts__post-title\" href=\"http:\/\/tabua-rasa.com\/en\/2015\/12\/15\/inauguracao\/\">INAUGURA\u00c7\u00c3O<\/a><\/li>\n<\/ul><\/div><\/div><\/div><div id=\"block-4\" class=\"m-ntheme-widget widget_block\"><div class=\"wp-block-group\"><div class=\"wp-block-group__inner-container is-layout-flow wp-block-group-is-layout-flow\"><h2 class=\"wp-block-heading\">Recent Comments<\/h2><div class=\"no-comments wp-block-latest-comments\">No comments to show.<\/div><\/div><\/div><\/div><div id=\"block-5\" class=\"m-ntheme-widget widget_block\"><div class=\"wp-block-group\"><div class=\"wp-block-group__inner-container is-layout-flow wp-block-group-is-layout-flow\"><h2 class=\"wp-block-heading\">Archives<\/h2><ul class=\"wp-block-archives-list wp-block-archives\">\t<li><a href='http:\/\/tabua-rasa.com\/en\/2025\/02\/'>February 2025<\/a><\/li>\n\t<li><a href='http:\/\/tabua-rasa.com\/en\/2024\/05\/'>May 2024<\/a><\/li>\n\t<li><a href='http:\/\/tabua-rasa.com\/en\/2016\/01\/'>January 2016<\/a><\/li>\n\t<li><a href='http:\/\/tabua-rasa.com\/en\/2015\/12\/'>December 2015<\/a><\/li>\n<\/ul><\/div><\/div><\/div><div id=\"block-6\" class=\"m-ntheme-widget widget_block\"><div class=\"wp-block-group\"><div class=\"wp-block-group__inner-container is-layout-flow wp-block-group-is-layout-flow\"><h2 class=\"wp-block-heading\">Categories<\/h2><ul class=\"wp-block-categories-list wp-block-categories\">\t<li class=\"cat-item cat-item-1\"><a href=\"http:\/\/tabua-rasa.com\/en\/category\/uncategorized\/\">Uncategorized<\/a>\n<\/li>\n<\/ul><\/div><\/div><\/div><div id=\"block-7\" class=\"m-ntheme-widget widget_block widget_tag_cloud\"><p class=\"wp-block-tag-cloud\">There&#8217;s no content to show here yet.<\/p><\/div><div id=\"block-8\" class=\"m-ntheme-widget widget_block widget_categories\"><ul class=\"wp-block-categories-list wp-block-categories\">\t<li class=\"cat-item cat-item-1\"><a href=\"http:\/\/tabua-rasa.com\/en\/category\/uncategorized\/\">Uncategorized<\/a>\n<\/li>\n<\/ul><\/div><div id=\"block-9\" class=\"m-ntheme-widget widget_block widget_tag_cloud\"><p class=\"wp-block-tag-cloud\">There&#8217;s no content to show here yet.<\/p><\/div><div id=\"block-10\" class=\"m-ntheme-widget widget_block\"><\/div>\t\t\t\t<\/div>\n\t\t\t\t<\/div>\n\t\t\t\t<div class=\"elementor-element elementor-element-b601967 elementor-widget elementor-widget-heading\" data-id=\"b601967\" data-element_type=\"widget\" data-e-type=\"widget\" data-widget_type=\"heading.default\">\n\t\t\t\t<div class=\"elementor-widget-container\">\n\t\t\t\t\t<h5 class=\"elementor-heading-title elementor-size-default\">Popular Articles<\/h5>\t\t\t\t<\/div>\n\t\t\t\t<\/div>\n\t\t\t\t<div class=\"elementor-element elementor-element-e852d68 l-neuron-grid-wrapper--columns__1 m-neuron-posts--thumbnail-left l-neuron-grid-wrapper-tablet--columns__2 l-neuron-grid-wrapper-mobile--columns__1 elementor-widget elementor-widget-neuron-posts\" data-id=\"e852d68\" data-element_type=\"widget\" data-e-type=\"widget\" data-settings=\"{&quot;row_gap&quot;:{&quot;unit&quot;:&quot;px&quot;,&quot;size&quot;:32,&quot;sizes&quot;:[]},&quot;columns&quot;:&quot;1&quot;,&quot;row_gap_mobile&quot;:{&quot;unit&quot;:&quot;px&quot;,&quot;size&quot;:24,&quot;sizes&quot;:[]},&quot;columns_tablet&quot;:&quot;2&quot;,&quot;columns_mobile&quot;:&quot;1&quot;,&quot;carousel&quot;:&quot;no&quot;,&quot;pagination&quot;:&quot;none&quot;,&quot;row_gap_laptop&quot;:{&quot;unit&quot;:&quot;px&quot;,&quot;size&quot;:&quot;&quot;,&quot;sizes&quot;:[]},&quot;row_gap_tablet&quot;:{&quot;unit&quot;:&quot;px&quot;,&quot;size&quot;:&quot;&quot;,&quot;sizes&quot;:[]},&quot;neuron_animations&quot;:&quot;h-neuron-animation--slideUp&quot;,&quot;neuron_animations_duration&quot;:&quot;animated&quot;,&quot;animation_delay&quot;:0}\" data-widget_type=\"neuron-posts.default\">\n\t\t\t\t<div class=\"elementor-widget-container\">\n\t\t\t\t\t\t\t\t\t\t\t<div class=\"l-neuron-grid\" data-masonry-id=\"e7023d5b19147c2d5d821aca6c1d4370\">\r\n\t\t\t\t\t\t\t\t\t\t\t\t<article class=\"l-neuron-grid__item m-neuron-post post-5754 post type-post status-publish format-standard hentry category-uncategorized\" data-id=\"5754\">\r\n\t\t\t\t\t\t\t\t<div class=\"m-neuron-post__inner m-neuron-post__inner--classic\">\r\n        \r\n                                <div class=\"m-neuron-post__text\">\r\n        <h6 class=\"m-neuron-post__title\"><a href=\"http:\/\/tabua-rasa.com\/en\/2025\/02\/28\/elementor-5754\/\">Artigo sobre o T\u00e1bua Rasa na NIT<\/a><\/h6>            <\/div>\r\n                \r\n    <\/div>\t\t\t\t\t\t\t<\/article>\r\n\t\t\t\t\t\t\t\t\t\t\t\t\t\t<article class=\"l-neuron-grid__item m-neuron-post post-5209 post type-post status-publish format-standard has-post-thumbnail hentry category-uncategorized\" data-id=\"5209\">\r\n\t\t\t\t\t\t\t\t<div class=\"m-neuron-post__inner m-neuron-post__inner--classic\">\r\n        \r\n                    <a class=\"m-neuron-post__thumbnail--link\"  href=\"http:\/\/tabua-rasa.com\/en\/2024\/05\/18\/tabua-rasa-abre-no-timeout-market-porto\/\"><div class=\"m-neuron-post__thumbnail\"><img fetchpriority=\"high\" decoding=\"async\" width=\"670\" height=\"600\" src=\"http:\/\/tabua-rasa.com\/wp-content\/uploads\/2024\/05\/sao-bento01.jpg\" class=\"attachment-full size-full wp-post-image\" alt=\"\" srcset=\"http:\/\/tabua-rasa.com\/wp-content\/uploads\/2024\/05\/sao-bento01.jpg 670w, http:\/\/tabua-rasa.com\/wp-content\/uploads\/2024\/05\/sao-bento01-300x269.jpg 300w, http:\/\/tabua-rasa.com\/wp-content\/uploads\/2024\/05\/sao-bento01-600x537.jpg 600w\" sizes=\"(max-width: 670px) 100vw, 670px\" \/><\/div><\/a>            <div class=\"m-neuron-post__text\">\r\n        <h6 class=\"m-neuron-post__title\"><a href=\"http:\/\/tabua-rasa.com\/en\/2024\/05\/18\/tabua-rasa-abre-no-timeout-market-porto\/\">T\u00e1bua Rasa abre no TimeOut Market Porto<\/a><\/h6>            <\/div>\r\n                \r\n    <\/div>\t\t\t\t\t\t\t<\/article>\r\n\t\t\t\t\t\t\t\t\t\t\t\t\t\t<article class=\"l-neuron-grid__item m-neuron-post post-5760 post type-post status-publish format-standard hentry category-uncategorized\" data-id=\"5760\">\r\n\t\t\t\t\t\t\t\t<div class=\"m-neuron-post__inner m-neuron-post__inner--classic\">\r\n        \r\n                                <div class=\"m-neuron-post__text\">\r\n        <h6 class=\"m-neuron-post__title\"><a href=\"http:\/\/tabua-rasa.com\/en\/2016\/01\/21\/elementor-5760\/\">T\u00e1bua Rasa na Revista Vis\u00e3o<\/a><\/h6>            <\/div>\r\n                \r\n    <\/div>\t\t\t\t\t\t\t<\/article>\r\n\t\t\t\t\t\t\t\t\t\t\t<\/div>\r\n\t\t\t\r\n\t\t\t\t\t\t<\/div>\n\t\t\t\t<\/div>\n\t\t\t\t<div class=\"elementor-element elementor-element-77dade5 elementor-widget elementor-widget-heading\" data-id=\"77dade5\" data-element_type=\"widget\" data-e-type=\"widget\" data-widget_type=\"heading.default\">\n\t\t\t\t<div class=\"elementor-widget-container\">\n\t\t\t\t\t<h2 class=\"elementor-heading-title elementor-size-default\">Instagram<\/h2>\t\t\t\t<\/div>\n\t\t\t\t<\/div>\n\t\t\t\t<div class=\"elementor-element elementor-element-a299c07 l-neuron-grid-wrapper-tablet--columns__3 l-neuron-grid-wrapper-mobile--columns__3 elementor-widget-mobile__width-inherit l-neuron-grid-wrapper--columns__3 m-neuron-gallery--layout-grid m-neuron-gallery--overlay-none elementor-invisible elementor-widget elementor-widget-neuron-gallery\" data-id=\"a299c07\" data-element_type=\"widget\" data-e-type=\"widget\" data-settings=\"{&quot;columns_tablet&quot;:&quot;3&quot;,&quot;columns_mobile&quot;:&quot;3&quot;,&quot;columns&quot;:&quot;3&quot;,&quot;carousel&quot;:&quot;no&quot;,&quot;layout&quot;:&quot;grid&quot;,&quot;row_gap&quot;:{&quot;unit&quot;:&quot;px&quot;,&quot;size&quot;:35,&quot;sizes&quot;:[]},&quot;row_gap_laptop&quot;:{&quot;unit&quot;:&quot;px&quot;,&quot;size&quot;:&quot;&quot;,&quot;sizes&quot;:[]},&quot;row_gap_tablet&quot;:{&quot;unit&quot;:&quot;px&quot;,&quot;size&quot;:&quot;&quot;,&quot;sizes&quot;:[]},&quot;row_gap_mobile&quot;:{&quot;unit&quot;:&quot;px&quot;,&quot;size&quot;:&quot;&quot;,&quot;sizes&quot;:[]},&quot;animation&quot;:&quot;yes&quot;,&quot;neuron_animations&quot;:&quot;h-neuron-animation--slideUp&quot;,&quot;neuron_animations_duration&quot;:&quot;animated&quot;,&quot;animation_delay&quot;:0,&quot;image_animation_hover&quot;:&quot;none&quot;}\" data-widget_type=\"neuron-gallery.default\">\n\t\t\t\t<div class=\"elementor-widget-container\">\n\t\t\t\t\t\t\r\n\t\t\r\n\t\t\t\t<div class=\"l-neuron-grid\" data-masonry-id=\"4e591a7fc82993f54e7d6729e6f8a63e\">\r\n\t\t\t\t\t\t\t\t\t\t\t<a class=\"l-neuron-grid__item m-neuron-gallery__item h-neuron-animation--wow\" data-elementor-open-lightbox=\"no\" data-elementor-lightbox-slideshow=\"all-a299c07\" data-id=\"1080\" data-elementor-lightbox-title=\"post-featured-image-6\">\r\n\r\n\t\t\t\t\t\t\t<div class=\"m-neuron-gallery__inner\">\r\n\r\n\t\t\t\t\t\t\t\t\r\n\t\t\t\t\t\t\t\t<div class=\"m-neuron-gallery__thumbnail--link\">\r\n\t\t\t\t\t\t\t\t\t<div class=\"m-neuron-gallery__thumbnail\">\r\n\t\t\t\t\t\t\t\t\t\t<img decoding=\"async\" src=\"http:\/\/tabua-rasa.com\/wp-content\/uploads\/2023\/01\/post-featured-image-6.jpg\" \/>\r\n\t\t\t\t\t\t\t\t\t<\/div>\r\n\t\t\t\t\t\t\t\t\t\t\t\t\t\t\t\t\t<\/div>\r\n\t\t\t\t\t\t\t\t\r\n\t\t\t\t\t\t\t\t\r\n\t\t\t\t\t\t\t<\/div>\r\n\r\n\t\t\t\t\t\t<\/a>\r\n\r\n\t\t\t\t\t\t\r\n\t\t\t\t\t\t\t\t\t\t\t<a class=\"l-neuron-grid__item m-neuron-gallery__item h-neuron-animation--wow\" data-elementor-open-lightbox=\"no\" data-elementor-lightbox-slideshow=\"all-a299c07\" data-id=\"975\" data-elementor-lightbox-title=\"video-main-home-gega\">\r\n\r\n\t\t\t\t\t\t\t<div class=\"m-neuron-gallery__inner\">\r\n\r\n\t\t\t\t\t\t\t\t\r\n\t\t\t\t\t\t\t\t<div class=\"m-neuron-gallery__thumbnail--link\">\r\n\t\t\t\t\t\t\t\t\t<div class=\"m-neuron-gallery__thumbnail\">\r\n\t\t\t\t\t\t\t\t\t\t<img decoding=\"async\" src=\"http:\/\/tabua-rasa.com\/wp-content\/uploads\/2023\/02\/video-main-home-gega.jpg\" \/>\r\n\t\t\t\t\t\t\t\t\t<\/div>\r\n\t\t\t\t\t\t\t\t\t\t\t\t\t\t\t\t\t<\/div>\r\n\t\t\t\t\t\t\t\t\r\n\t\t\t\t\t\t\t\t\r\n\t\t\t\t\t\t\t<\/div>\r\n\r\n\t\t\t\t\t\t<\/a>\r\n\r\n\t\t\t\t\t\t\r\n\t\t\t\t\t\t\t\t\t\t\t<a class=\"l-neuron-grid__item m-neuron-gallery__item h-neuron-animation--wow\" data-elementor-open-lightbox=\"no\" data-elementor-lightbox-slideshow=\"all-a299c07\" data-id=\"1912\" data-elementor-lightbox-title=\"portfolio-image-30\">\r\n\r\n\t\t\t\t\t\t\t<div class=\"m-neuron-gallery__inner\">\r\n\r\n\t\t\t\t\t\t\t\t\r\n\t\t\t\t\t\t\t\t<div class=\"m-neuron-gallery__thumbnail--link\">\r\n\t\t\t\t\t\t\t\t\t<div class=\"m-neuron-gallery__thumbnail\">\r\n\t\t\t\t\t\t\t\t\t\t<img decoding=\"async\" src=\"http:\/\/tabua-rasa.com\/wp-content\/uploads\/2023\/03\/portfolio-image-30.jpg\" \/>\r\n\t\t\t\t\t\t\t\t\t<\/div>\r\n\t\t\t\t\t\t\t\t\t\t\t\t\t\t\t\t\t<\/div>\r\n\t\t\t\t\t\t\t\t\r\n\t\t\t\t\t\t\t\t\r\n\t\t\t\t\t\t\t<\/div>\r\n\r\n\t\t\t\t\t\t<\/a>\r\n\r\n\t\t\t\t\t\t\r\n\t\t\t\t\t\t\t\t\t<\/div>\r\n\r\n\t\t\t\t\t\t\t\t\t<\/div>\n\t\t\t\t<\/div>\n\t\t\t\t\t<\/div>\n\t\t<\/div>\n\t\t\t\t<div class=\"elementor-column elementor-col-50 elementor-top-column elementor-element elementor-element-1e0b440\" data-id=\"1e0b440\" data-element_type=\"column\" data-e-type=\"column\">\n\t\t\t<div class=\"elementor-widget-wrap elementor-element-populated\">\n\t\t\t\t\t\t<div class=\"elementor-element elementor-element-7591411 l-neuron-grid-wrapper--columns__1 l-neuron-grid-wrapper-tablet--columns__1 l-neuron-grid-wrapper-mobile--columns__1 m-neuron-posts--thumbnail-top m-neuron-posts--layout-grid elementor-invisible elementor-widget elementor-widget-neuron-posts\" data-id=\"7591411\" data-element_type=\"widget\" data-e-type=\"widget\" data-settings=\"{&quot;columns&quot;:&quot;1&quot;,&quot;columns_tablet&quot;:&quot;1&quot;,&quot;row_gap&quot;:{&quot;unit&quot;:&quot;px&quot;,&quot;size&quot;:64,&quot;sizes&quot;:[]},&quot;row_gap_mobile&quot;:{&quot;unit&quot;:&quot;px&quot;,&quot;size&quot;:48,&quot;sizes&quot;:[]},&quot;columns_mobile&quot;:&quot;1&quot;,&quot;carousel&quot;:&quot;no&quot;,&quot;layout&quot;:&quot;grid&quot;,&quot;pagination&quot;:&quot;none&quot;,&quot;row_gap_laptop&quot;:{&quot;unit&quot;:&quot;px&quot;,&quot;size&quot;:&quot;&quot;,&quot;sizes&quot;:[]},&quot;row_gap_tablet&quot;:{&quot;unit&quot;:&quot;px&quot;,&quot;size&quot;:&quot;&quot;,&quot;sizes&quot;:[]},&quot;animation&quot;:&quot;yes&quot;,&quot;neuron_animations&quot;:&quot;h-neuron-animation--slideUp&quot;,&quot;neuron_animations_duration&quot;:&quot;animated&quot;,&quot;animation_delay&quot;:0}\" data-widget_type=\"neuron-posts.default\">\n\t\t\t\t<div class=\"elementor-widget-container\">\n\t\t\t\t\t\t\t\t\t\t\t<div class=\"l-neuron-grid\" data-masonry-id=\"350e10a210562c9d86a042edd4640785\">\r\n\t\t\t\t\t\t\t\t\t\t\t\t<article class=\"l-neuron-grid__item h-neuron-animation--wow m-neuron-post post-5754 post type-post status-publish format-standard hentry category-uncategorized\" data-id=\"5754\">\r\n\t\t\t\t\t\t\t\t<div class=\"m-neuron-post__inner m-neuron-post__inner--classic\">\r\n        \r\n        <span class=\"m-neuron-post__meta-data\"> <span class=\"terms\"> <a href=\"http:\/\/tabua-rasa.com\/en\/category\/uncategorized\/\">Uncategorized<\/a><\/span> <\/span><h3 class=\"m-neuron-post__title\"><a href=\"http:\/\/tabua-rasa.com\/en\/2025\/02\/28\/elementor-5754\/\">Artigo sobre o T\u00e1bua Rasa na NIT<\/a><\/h3><div class=\"m-neuron-post__excerpt\">Artigo de Daniel Vidal sobre o T\u00e1bua Rasa na \u201cNew in Town\u201d, para ler aqui.<\/div><div class=\"m-neuron-post__read-more\"><a href=\"http:\/\/tabua-rasa.com\/en\/2025\/02\/28\/elementor-5754\/\"><span>Read More<\/span><span class=\"m-neuron-post__read-more--icon\"><\/span><\/a><\/div>        \r\n    <\/div>\t\t\t\t\t\t\t<\/article>\r\n\t\t\t\t\t\t\t\t\t\t\t\t\t\t<article class=\"l-neuron-grid__item h-neuron-animation--wow m-neuron-post post-5209 post type-post status-publish format-standard has-post-thumbnail hentry category-uncategorized\" data-id=\"5209\">\r\n\t\t\t\t\t\t\t\t<div class=\"m-neuron-post__inner m-neuron-post__inner--classic\">\r\n        \r\n        <a class=\"m-neuron-post__thumbnail--link\"  href=\"http:\/\/tabua-rasa.com\/en\/2024\/05\/18\/tabua-rasa-abre-no-timeout-market-porto\/\"><div class=\"m-neuron-post__thumbnail\"><img fetchpriority=\"high\" decoding=\"async\" width=\"670\" height=\"600\" src=\"http:\/\/tabua-rasa.com\/wp-content\/uploads\/2024\/05\/sao-bento01.jpg\" class=\"attachment-full size-full wp-post-image\" alt=\"\" srcset=\"http:\/\/tabua-rasa.com\/wp-content\/uploads\/2024\/05\/sao-bento01.jpg 670w, http:\/\/tabua-rasa.com\/wp-content\/uploads\/2024\/05\/sao-bento01-300x269.jpg 300w, http:\/\/tabua-rasa.com\/wp-content\/uploads\/2024\/05\/sao-bento01-600x537.jpg 600w\" sizes=\"(max-width: 670px) 100vw, 670px\" \/><\/div><\/a><span class=\"m-neuron-post__meta-data\"> <span class=\"terms\"> <a href=\"http:\/\/tabua-rasa.com\/en\/category\/uncategorized\/\">Uncategorized<\/a><\/span> <\/span><h3 class=\"m-neuron-post__title\"><a href=\"http:\/\/tabua-rasa.com\/en\/2024\/05\/18\/tabua-rasa-abre-no-timeout-market-porto\/\">T\u00e1bua Rasa abre no TimeOut Market Porto<\/a><\/h3><div class=\"m-neuron-post__excerpt\">O T\u00e1bua Rasa inaugurou em Maio no novo TimeOut Market Porto.<\/div><div class=\"m-neuron-post__read-more\"><a href=\"http:\/\/tabua-rasa.com\/en\/2024\/05\/18\/tabua-rasa-abre-no-timeout-market-porto\/\"><span>Read More<\/span><span class=\"m-neuron-post__read-more--icon\"><\/span><\/a><\/div>        \r\n    <\/div>\t\t\t\t\t\t\t<\/article>\r\n\t\t\t\t\t\t\t\t\t\t\t\t\t\t<article class=\"l-neuron-grid__item h-neuron-animation--wow m-neuron-post post-5760 post type-post status-publish format-standard hentry category-uncategorized\" data-id=\"5760\">\r\n\t\t\t\t\t\t\t\t<div class=\"m-neuron-post__inner m-neuron-post__inner--classic\">\r\n        \r\n        <span class=\"m-neuron-post__meta-data\"> <span class=\"terms\"> <a href=\"http:\/\/tabua-rasa.com\/en\/category\/uncategorized\/\">Uncategorized<\/a><\/span> <\/span><h3 class=\"m-neuron-post__title\"><a href=\"http:\/\/tabua-rasa.com\/en\/2016\/01\/21\/elementor-5760\/\">T\u00e1bua Rasa na Revista Vis\u00e3o<\/a><\/h3><div class=\"m-neuron-post__excerpt\">Uma p\u00e1gina de reportagem dedicada ao T\u00e1bua Rasa, no suplemento \u201cSETE\u201d da revista Vis\u00e3o de 21-01-2016.<\/div><div class=\"m-neuron-post__read-more\"><a href=\"http:\/\/tabua-rasa.com\/en\/2016\/01\/21\/elementor-5760\/\"><span>Read More<\/span><span class=\"m-neuron-post__read-more--icon\"><\/span><\/a><\/div>        \r\n    <\/div>\t\t\t\t\t\t\t<\/article>\r\n\t\t\t\t\t\t\t\t\t\t\t\t\t\t<article class=\"l-neuron-grid__item h-neuron-animation--wow m-neuron-post post-5375 post type-post status-publish format-standard has-post-thumbnail hentry category-uncategorized\" data-id=\"5375\">\r\n\t\t\t\t\t\t\t\t<div class=\"m-neuron-post__inner m-neuron-post__inner--classic\">\r\n        \r\n        <a class=\"m-neuron-post__thumbnail--link\"  href=\"http:\/\/tabua-rasa.com\/en\/2015\/12\/15\/inauguracao\/\"><div class=\"m-neuron-post__thumbnail\"><img decoding=\"async\" width=\"1500\" height=\"627\" src=\"http:\/\/tabua-rasa.com\/wp-content\/uploads\/2024\/12\/TABUA-RASA-INAUGURACAO-02.jpg\" class=\"attachment-full size-full wp-post-image\" alt=\"\" srcset=\"http:\/\/tabua-rasa.com\/wp-content\/uploads\/2024\/12\/TABUA-RASA-INAUGURACAO-02.jpg 1500w, http:\/\/tabua-rasa.com\/wp-content\/uploads\/2024\/12\/TABUA-RASA-INAUGURACAO-02-300x125.jpg 300w, http:\/\/tabua-rasa.com\/wp-content\/uploads\/2024\/12\/TABUA-RASA-INAUGURACAO-02-1024x428.jpg 1024w, http:\/\/tabua-rasa.com\/wp-content\/uploads\/2024\/12\/TABUA-RASA-INAUGURACAO-02-768x321.jpg 768w, http:\/\/tabua-rasa.com\/wp-content\/uploads\/2024\/12\/TABUA-RASA-INAUGURACAO-02-600x251.jpg 600w\" sizes=\"(max-width: 1500px) 100vw, 1500px\" \/><\/div><\/a><span class=\"m-neuron-post__meta-data\"> <span class=\"terms\"> <a href=\"http:\/\/tabua-rasa.com\/en\/category\/uncategorized\/\">Uncategorized<\/a><\/span> <\/span><h3 class=\"m-neuron-post__title\"><a href=\"http:\/\/tabua-rasa.com\/en\/2015\/12\/15\/inauguracao\/\">INAUGURA\u00c7\u00c3O<\/a><\/h3><div class=\"m-neuron-post__excerpt\">A inaugura\u00e7\u00e3o do T\u00e1bua Rasa vai acontecer no pr\u00f3ximo dia 12 de Dezembro, a partir das 16h, com um concerto dos Samba sem Fronteiras<\/div><div class=\"m-neuron-post__read-more\"><a href=\"http:\/\/tabua-rasa.com\/en\/2015\/12\/15\/inauguracao\/\"><span>Read More<\/span><span class=\"m-neuron-post__read-more--icon\"><\/span><\/a><\/div>        \r\n    <\/div>\t\t\t\t\t\t\t<\/article>\r\n\t\t\t\t\t\t\t\t\t\t\t<\/div>\r\n\t\t\t\r\n\t\t\t\t\t\t<\/div>\n\t\t\t\t<\/div>\n\t\t\t\t\t<\/div>\n\t\t<\/div>\n\t\t\t\t\t<\/div>\n\t\t<\/section>\n\t\t\t\t<\/div>","protected":false},"excerpt":{"rendered":"<p>Home \/ Blog Left Sidebar Left Sidebar Search Search Popular Tags Popular Articles What Disney Movies Can Teach Us About Illustration The Illustration Industry Is Changing Fast. Here&#8217;s How to Keep Pace The Best Approach to Art Direction for Every Personality Type Instagram Art Product Design What Disney Movies Can Teach Us About Illustration Far&#8230;<\/p>","protected":false},"author":1,"featured_media":0,"parent":0,"menu_order":0,"comment_status":"closed","ping_status":"closed","template":"","meta":{"footnotes":""},"class_list":["post-880","page","type-page","status-publish","hentry"],"_links":{"self":[{"href":"http:\/\/tabua-rasa.com\/en\/wp-json\/wp\/v2\/pages\/880","targetHints":{"allow":["GET"]}}],"collection":[{"href":"http:\/\/tabua-rasa.com\/en\/wp-json\/wp\/v2\/pages"}],"about":[{"href":"http:\/\/tabua-rasa.com\/en\/wp-json\/wp\/v2\/types\/page"}],"author":[{"embeddable":true,"href":"http:\/\/tabua-rasa.com\/en\/wp-json\/wp\/v2\/users\/1"}],"replies":[{"embeddable":true,"href":"http:\/\/tabua-rasa.com\/en\/wp-json\/wp\/v2\/comments?post=880"}],"version-history":[{"count":1,"href":"http:\/\/tabua-rasa.com\/en\/wp-json\/wp\/v2\/pages\/880\/revisions"}],"predecessor-version":[{"id":4532,"href":"http:\/\/tabua-rasa.com\/en\/wp-json\/wp\/v2\/pages\/880\/revisions\/4532"}],"wp:attachment":[{"href":"http:\/\/tabua-rasa.com\/en\/wp-json\/wp\/v2\/media?parent=880"}],"curies":[{"name":"wp","href":"https:\/\/api.w.org\/{rel}","templated":true}]}}