{"id":5009,"date":"2024-05-17T15:22:07","date_gmt":"2024-05-17T15:22:07","guid":{"rendered":"http:\/\/tabua-rasa.com\/?page_id=5009"},"modified":"2024-05-18T14:23:49","modified_gmt":"2024-05-18T14:23:49","slug":"menu-timeout","status":"publish","type":"page","link":"http:\/\/tabua-rasa.com\/en\/menu-timeout\/","title":{"rendered":"MENU TIMEOUT"},"content":{"rendered":"<div data-elementor-type=\"wp-page\" data-elementor-id=\"5009\" class=\"elementor elementor-5009\">\n\t\t\t\t<div class=\"elementor-element elementor-element-2f20e48 e-con-full e-flex e-con e-parent\" data-id=\"2f20e48\" data-element_type=\"container\" data-e-type=\"container\">\n\t\t<div class=\"elementor-element elementor-element-540c1a4 e-con-full e-flex e-con e-child\" data-id=\"540c1a4\" data-element_type=\"container\" data-e-type=\"container\">\n\t\t\t\t<div class=\"elementor-element elementor-element-221c4117 elementor-widget elementor-widget-neuron-breadcrumbs\" data-id=\"221c4117\" data-element_type=\"widget\" data-e-type=\"widget\" data-widget_type=\"neuron-breadcrumbs.default\">\n\t\t\t\t<div class=\"elementor-widget-container\">\n\t\t\t\t\t\r\n\t\t\t<div class=\"m-neuron-breadcrumbs\" aria-label=\"You are here:\">\r\n\t\t\t\t<span class=\"m-neuron-breadcrumbs__item\"><a href=\"http:\/\/tabua-rasa.com\/en\/\">HOME<\/a><\/span> <span class=\"m-neuron-breadcrumbs__separator\"> <i class=\"n-icon n-icon-chevron-left\"><\/i><\/span> <span class=\"m-neuron-breadcrumbs__item\" aria-current=\"page\">MENU TIMEOUT<\/span>\t\t\t<\/div>\r\n\r\n\t\t   \t\t\t\t<\/div>\n\t\t\t\t<\/div>\n\t\t\t\t<\/div>\n\t\t\t\t<\/div>\n\t\t<div class=\"elementor-element elementor-element-69076e2e e-con-full e-flex e-con e-parent\" data-id=\"69076e2e\" data-element_type=\"container\" data-e-type=\"container\">\n\t\t<div class=\"elementor-element elementor-element-223bf7a0 e-con-full e-flex e-con e-child\" data-id=\"223bf7a0\" data-element_type=\"container\" data-e-type=\"container\">\n\t\t\t\t<div class=\"elementor-element elementor-element-3d6def4b elementor-widget elementor-widget-heading\" data-id=\"3d6def4b\" data-element_type=\"widget\" data-e-type=\"widget\" data-widget_type=\"heading.default\">\n\t\t\t\t<div class=\"elementor-widget-container\">\n\t\t\t\t\t<h2 class=\"elementor-heading-title elementor-size-default\">MENU TIMEOUT MARKET<\/h2>\t\t\t\t<\/div>\n\t\t\t\t<\/div>\n\t\t\t\t<div class=\"elementor-element elementor-element-5ee0f903 elementor-widget elementor-widget-text-editor\" data-id=\"5ee0f903\" data-element_type=\"widget\" data-e-type=\"widget\" data-widget_type=\"text-editor.default\">\n\t\t\t\t<div class=\"elementor-widget-container\">\n\t\t\t\t\t\t\t\t\t<p>Das m\u00e3os dos pequenos produtores at\u00e9 \u00e0 nossa mesa, para lhe dar a experimentar os melhores sabores e segredos de portugal. Aqui celebramos as nossas origens, tradi\u00e7\u00f5es, cultura e heran\u00e7a gastron\u00f3mica, tratando estes produtos com o carinho e respeito que tanto merecem. O m\u00e9rito \u00e9 dos homens e mulheres que dedicam a sua vida \u00e0 produ\u00e7\u00e3o de produtos de culto e motivadores de paix\u00f5es. S\u00e3o eles que pastoreiam as ovelhas em campos de pasto seleccionado. S\u00e3o eles que esperam pacientemente as dezenas de meses de cura de um presunto. S\u00e3o eles que trazem nas m\u00e3os os saberes, e os sabores, das tradi\u00e7\u00f5es milenares, e assim lhes d\u00e3o continuidade<\/p>\t\t\t\t\t\t\t\t<\/div>\n\t\t\t\t<\/div>\n\t\t\t\t<\/div>\n\t\t<div class=\"elementor-element elementor-element-2dd0fabd e-con-full e-flex e-con e-child\" data-id=\"2dd0fabd\" data-element_type=\"container\" data-e-type=\"container\">\n\t\t\t\t<div class=\"elementor-element elementor-element-7f12394d elementor-widget elementor-widget-image\" data-id=\"7f12394d\" data-element_type=\"widget\" data-e-type=\"widget\" data-widget_type=\"image.default\">\n\t\t\t\t<div class=\"elementor-widget-container\">\n\t\t\t\t\t\t\t\t\t\t\t\t\t\t\t<img fetchpriority=\"high\" decoding=\"async\" width=\"1654\" height=\"1758\" src=\"http:\/\/tabua-rasa.com\/wp-content\/uploads\/2024\/05\/TABUA-RASA-ILUSTRACAO-QUEIJO-2024-e1715821369363.png\" class=\"attachment-full size-full wp-image-4667\" alt=\"\" srcset=\"http:\/\/tabua-rasa.com\/wp-content\/uploads\/2024\/05\/TABUA-RASA-ILUSTRACAO-QUEIJO-2024-e1715821369363.png 1654w, http:\/\/tabua-rasa.com\/wp-content\/uploads\/2024\/05\/TABUA-RASA-ILUSTRACAO-QUEIJO-2024-e1715821369363-282x300.png 282w, http:\/\/tabua-rasa.com\/wp-content\/uploads\/2024\/05\/TABUA-RASA-ILUSTRACAO-QUEIJO-2024-e1715821369363-963x1024.png 963w, http:\/\/tabua-rasa.com\/wp-content\/uploads\/2024\/05\/TABUA-RASA-ILUSTRACAO-QUEIJO-2024-e1715821369363-768x816.png 768w, http:\/\/tabua-rasa.com\/wp-content\/uploads\/2024\/05\/TABUA-RASA-ILUSTRACAO-QUEIJO-2024-e1715821369363-1445x1536.png 1445w, http:\/\/tabua-rasa.com\/wp-content\/uploads\/2024\/05\/TABUA-RASA-ILUSTRACAO-QUEIJO-2024-e1715821369363-600x638.png 600w\" sizes=\"(max-width: 1654px) 100vw, 1654px\" \/>\t\t\t\t\t\t\t\t\t\t\t\t\t\t\t<\/div>\n\t\t\t\t<\/div>\n\t\t\t\t<\/div>\n\t\t\t\t<\/div>\n\t\t<div class=\"elementor-element elementor-element-7c4a8b31 e-con-full e-flex e-con e-parent\" data-id=\"7c4a8b31\" data-element_type=\"container\" data-e-type=\"container\">\n\t\t<div class=\"elementor-element elementor-element-44a793d3 e-con-full e-flex e-con e-child\" data-id=\"44a793d3\" data-element_type=\"container\" data-e-type=\"container\">\n\t\t<div class=\"elementor-element elementor-element-79028b5e e-con-full e-flex e-con e-child\" data-id=\"79028b5e\" data-element_type=\"container\" data-e-type=\"container\">\n\t\t\t\t<div class=\"elementor-element elementor-element-7fd139b1 elementor-widget elementor-widget-heading\" data-id=\"7fd139b1\" data-element_type=\"widget\" data-e-type=\"widget\" data-widget_type=\"heading.default\">\n\t\t\t\t<div class=\"elementor-widget-container\">\n\t\t\t\t\t<h2 class=\"elementor-heading-title elementor-size-default\">COMIDAS<\/h2>\t\t\t\t<\/div>\n\t\t\t\t<\/div>\n\t\t\t\t<\/div>\n\t\t<div class=\"elementor-element elementor-element-46d7d7aa e-con-full e-flex e-con e-child\" data-id=\"46d7d7aa\" data-element_type=\"container\" data-e-type=\"container\">\n\t\t\t\t<div class=\"elementor-element elementor-element-f9b7a9c elementor-widget elementor-widget-neuron-price-list\" data-id=\"f9b7a9c\" data-element_type=\"widget\" data-e-type=\"widget\" data-widget_type=\"neuron-price-list.default\">\n\t\t\t\t<div class=\"elementor-widget-container\">\n\t\t\t\t\t        <ul class=\"m-neuron-price-list\">\r\n                            <li><a href=\"#\" class=\"m-neuron-price-list__item\">\t\t\t\t\t\t\t\t\t\t<div class=\"m-neuron-price-list__text\">\r\n\t\t\t\t\t\t<div class=\"m-neuron-price-list__header\">\r\n\t\t\t\t\t\t\t\t\t\t\t\t\t\t\t<span class=\"m-neuron-price-list__title\">First item on the list<\/span>\r\n\t\t\t\t\t\t\t\t\t\t\t\t\t\t\t\t\t\t\t\t\t\t<span class=\"m-neuron-price-list__separator\"><\/span>\r\n\t\t\t\t\t\t\t\t\t\t\t\t\t\t\t\t\t\t\t\t\t\t<span class=\"m-neuron-price-list__price\">$20<\/span>\r\n\t\t\t\t\t\t\t\t\t\t\t\t\t<\/div>\r\n\t\t\t\t\t\t\t\t\t\t\t\t\t<p class=\"m-neuron-price-list__description\">I am item content. Click edit button to change this text. Lorem ipsum dolor sit amet, consectetur adipiscing elit. Ut elit tellus, luctus nec ullamcorper mattis, pulvinar dapibus leo.<\/p>\r\n\t\t\t\t\t\t\t\t\t\t\t<\/div>\r\n\t\t\t\t<\/a><\/li>                            <li><a href=\"#\" class=\"m-neuron-price-list__item\">\t\t\t\t\t\t\t\t\t\t<div class=\"m-neuron-price-list__text\">\r\n\t\t\t\t\t\t<div class=\"m-neuron-price-list__header\">\r\n\t\t\t\t\t\t\t\t\t\t\t\t\t\t\t<span class=\"m-neuron-price-list__title\">Second item on the list<\/span>\r\n\t\t\t\t\t\t\t\t\t\t\t\t\t\t\t\t\t\t\t\t\t\t<span class=\"m-neuron-price-list__separator\"><\/span>\r\n\t\t\t\t\t\t\t\t\t\t\t\t\t\t\t\t\t\t\t\t\t\t<span class=\"m-neuron-price-list__price\">$9<\/span>\r\n\t\t\t\t\t\t\t\t\t\t\t\t\t<\/div>\r\n\t\t\t\t\t\t\t\t\t\t\t\t\t<p class=\"m-neuron-price-list__description\">I am item content. Click edit button to change this text. Lorem ipsum dolor sit amet, consectetur adipiscing elit. Ut elit tellus, luctus nec ullamcorper mattis, pulvinar dapibus leo.<\/p>\r\n\t\t\t\t\t\t\t\t\t\t\t<\/div>\r\n\t\t\t\t<\/a><\/li>                            <li><a href=\"#\" class=\"m-neuron-price-list__item\">\t\t\t\t\t\t\t\t\t\t<div class=\"m-neuron-price-list__text\">\r\n\t\t\t\t\t\t<div class=\"m-neuron-price-list__header\">\r\n\t\t\t\t\t\t\t\t\t\t\t\t\t\t\t<span class=\"m-neuron-price-list__title\">Third item on the list<\/span>\r\n\t\t\t\t\t\t\t\t\t\t\t\t\t\t\t\t\t\t\t\t\t\t<span class=\"m-neuron-price-list__separator\"><\/span>\r\n\t\t\t\t\t\t\t\t\t\t\t\t\t\t\t\t\t\t\t\t\t\t<span class=\"m-neuron-price-list__price\">$22<\/span>\r\n\t\t\t\t\t\t\t\t\t\t\t\t\t<\/div>\r\n\t\t\t\t\t\t\t\t\t\t\t\t\t<p class=\"m-neuron-price-list__description\">I am item content. Click edit button to change this text. Lorem ipsum dolor sit amet, consectetur adipiscing elit. Ut elit tellus, luctus nec ullamcorper mattis, pulvinar dapibus leo.<\/p>\r\n\t\t\t\t\t\t\t\t\t\t\t<\/div>\r\n\t\t\t\t<\/a><\/li>                    <\/ul>\r\n\t\t\t\t\t<\/div>\n\t\t\t\t<\/div>\n\t\t\t\t<\/div>\n\t\t<div class=\"elementor-element elementor-element-4418e89b e-con-full e-flex e-con e-child\" data-id=\"4418e89b\" data-element_type=\"container\" data-e-type=\"container\">\n\t\t\t\t<div class=\"elementor-element elementor-element-3025ebfb elementor-widget elementor-widget-neuron-price-list\" data-id=\"3025ebfb\" data-element_type=\"widget\" data-e-type=\"widget\" data-widget_type=\"neuron-price-list.default\">\n\t\t\t\t<div class=\"elementor-widget-container\">\n\t\t\t\t\t        <ul class=\"m-neuron-price-list\">\r\n                            <li><a href=\"#\" class=\"m-neuron-price-list__item\">\t\t\t\t\t\t\t\t\t\t<div class=\"m-neuron-price-list__text\">\r\n\t\t\t\t\t\t<div class=\"m-neuron-price-list__header\">\r\n\t\t\t\t\t\t\t\t\t\t\t\t\t\t\t<span class=\"m-neuron-price-list__title\">First item on the list<\/span>\r\n\t\t\t\t\t\t\t\t\t\t\t\t\t\t\t\t\t\t\t\t\t\t<span class=\"m-neuron-price-list__separator\"><\/span>\r\n\t\t\t\t\t\t\t\t\t\t\t\t\t\t\t\t\t\t\t\t\t\t<span class=\"m-neuron-price-list__price\">$20<\/span>\r\n\t\t\t\t\t\t\t\t\t\t\t\t\t<\/div>\r\n\t\t\t\t\t\t\t\t\t\t\t\t\t<p class=\"m-neuron-price-list__description\">I am item content. Click edit button to change this text. Lorem ipsum dolor sit amet, consectetur adipiscing elit. Ut elit tellus, luctus nec ullamcorper mattis, pulvinar dapibus leo.<\/p>\r\n\t\t\t\t\t\t\t\t\t\t\t<\/div>\r\n\t\t\t\t<\/a><\/li>                            <li><a href=\"#\" class=\"m-neuron-price-list__item\">\t\t\t\t\t\t\t\t\t\t<div class=\"m-neuron-price-list__text\">\r\n\t\t\t\t\t\t<div class=\"m-neuron-price-list__header\">\r\n\t\t\t\t\t\t\t\t\t\t\t\t\t\t\t<span class=\"m-neuron-price-list__title\">Second item on the list<\/span>\r\n\t\t\t\t\t\t\t\t\t\t\t\t\t\t\t\t\t\t\t\t\t\t<span class=\"m-neuron-price-list__separator\"><\/span>\r\n\t\t\t\t\t\t\t\t\t\t\t\t\t\t\t\t\t\t\t\t\t\t<span class=\"m-neuron-price-list__price\">$9<\/span>\r\n\t\t\t\t\t\t\t\t\t\t\t\t\t<\/div>\r\n\t\t\t\t\t\t\t\t\t\t\t\t\t<p class=\"m-neuron-price-list__description\">I am item content. Click edit button to change this text. Lorem ipsum dolor sit amet, consectetur adipiscing elit. Ut elit tellus, luctus nec ullamcorper mattis, pulvinar dapibus leo.<\/p>\r\n\t\t\t\t\t\t\t\t\t\t\t<\/div>\r\n\t\t\t\t<\/a><\/li>                            <li><a href=\"#\" class=\"m-neuron-price-list__item\">\t\t\t\t\t\t\t\t\t\t<div class=\"m-neuron-price-list__text\">\r\n\t\t\t\t\t\t<div class=\"m-neuron-price-list__header\">\r\n\t\t\t\t\t\t\t\t\t\t\t\t\t\t\t<span class=\"m-neuron-price-list__title\">Third item on the list<\/span>\r\n\t\t\t\t\t\t\t\t\t\t\t\t\t\t\t\t\t\t\t\t\t\t<span class=\"m-neuron-price-list__separator\"><\/span>\r\n\t\t\t\t\t\t\t\t\t\t\t\t\t\t\t\t\t\t\t\t\t\t<span class=\"m-neuron-price-list__price\">$22<\/span>\r\n\t\t\t\t\t\t\t\t\t\t\t\t\t<\/div>\r\n\t\t\t\t\t\t\t\t\t\t\t\t\t<p class=\"m-neuron-price-list__description\">I am item content. Click edit button to change this text. Lorem ipsum dolor sit amet, consectetur adipiscing elit. Ut elit tellus, luctus nec ullamcorper mattis, pulvinar dapibus leo.<\/p>\r\n\t\t\t\t\t\t\t\t\t\t\t<\/div>\r\n\t\t\t\t<\/a><\/li>                    <\/ul>\r\n\t\t\t\t\t<\/div>\n\t\t\t\t<\/div>\n\t\t\t\t<\/div>\n\t\t\t\t<\/div>\n\t\t\t\t<\/div>\n\t\t<div class=\"elementor-element elementor-element-56655fb9 e-con-full e-flex e-con e-parent\" data-id=\"56655fb9\" data-element_type=\"container\" data-e-type=\"container\">\n\t\t<div class=\"elementor-element elementor-element-23372739 e-con-full e-flex e-con e-child\" data-id=\"23372739\" data-element_type=\"container\" data-e-type=\"container\">\n\t\t<div class=\"elementor-element elementor-element-2d3fb40 e-con-full e-flex e-con e-child\" data-id=\"2d3fb40\" data-element_type=\"container\" data-e-type=\"container\">\n\t\t\t\t<div class=\"elementor-element elementor-element-20828e72 elementor-widget elementor-widget-heading\" data-id=\"20828e72\" data-element_type=\"widget\" data-e-type=\"widget\" data-widget_type=\"heading.default\">\n\t\t\t\t<div class=\"elementor-widget-container\">\n\t\t\t\t\t<h2 class=\"elementor-heading-title elementor-size-default\">DRINKS<\/h2>\t\t\t\t<\/div>\n\t\t\t\t<\/div>\n\t\t\t\t<\/div>\n\t\t<div class=\"elementor-element elementor-element-12a516b9 e-con-full e-flex e-con e-child\" data-id=\"12a516b9\" data-element_type=\"container\" data-e-type=\"container\">\n\t\t\t\t<div class=\"elementor-element elementor-element-536cf386 elementor-widget elementor-widget-neuron-price-list\" data-id=\"536cf386\" data-element_type=\"widget\" data-e-type=\"widget\" data-widget_type=\"neuron-price-list.default\">\n\t\t\t\t<div class=\"elementor-widget-container\">\n\t\t\t\t\t        <ul class=\"m-neuron-price-list\">\r\n                            <li><a href=\"#\" class=\"m-neuron-price-list__item\">\t\t\t\t\t\t\t\t\t\t<div class=\"m-neuron-price-list__text\">\r\n\t\t\t\t\t\t<div class=\"m-neuron-price-list__header\">\r\n\t\t\t\t\t\t\t\t\t\t\t\t\t\t\t<span class=\"m-neuron-price-list__title\">First item on the list<\/span>\r\n\t\t\t\t\t\t\t\t\t\t\t\t\t\t\t\t\t\t\t\t\t\t<span class=\"m-neuron-price-list__separator\"><\/span>\r\n\t\t\t\t\t\t\t\t\t\t\t\t\t\t\t\t\t\t\t\t\t\t<span class=\"m-neuron-price-list__price\">$20<\/span>\r\n\t\t\t\t\t\t\t\t\t\t\t\t\t<\/div>\r\n\t\t\t\t\t\t\t\t\t\t\t\t\t<p class=\"m-neuron-price-list__description\">I am item content. Click edit button to change this text. Lorem ipsum dolor sit amet, consectetur adipiscing elit. Ut elit tellus, luctus nec ullamcorper mattis, pulvinar dapibus leo.<\/p>\r\n\t\t\t\t\t\t\t\t\t\t\t<\/div>\r\n\t\t\t\t<\/a><\/li>                            <li><a href=\"#\" class=\"m-neuron-price-list__item\">\t\t\t\t\t\t\t\t\t\t<div class=\"m-neuron-price-list__text\">\r\n\t\t\t\t\t\t<div class=\"m-neuron-price-list__header\">\r\n\t\t\t\t\t\t\t\t\t\t\t\t\t\t\t<span class=\"m-neuron-price-list__title\">Second item on the list<\/span>\r\n\t\t\t\t\t\t\t\t\t\t\t\t\t\t\t\t\t\t\t\t\t\t<span class=\"m-neuron-price-list__separator\"><\/span>\r\n\t\t\t\t\t\t\t\t\t\t\t\t\t\t\t\t\t\t\t\t\t\t<span class=\"m-neuron-price-list__price\">$9<\/span>\r\n\t\t\t\t\t\t\t\t\t\t\t\t\t<\/div>\r\n\t\t\t\t\t\t\t\t\t\t\t\t\t<p class=\"m-neuron-price-list__description\">I am item content. Click edit button to change this text. Lorem ipsum dolor sit amet, consectetur adipiscing elit. Ut elit tellus, luctus nec ullamcorper mattis, pulvinar dapibus leo.<\/p>\r\n\t\t\t\t\t\t\t\t\t\t\t<\/div>\r\n\t\t\t\t<\/a><\/li>                            <li><a href=\"#\" class=\"m-neuron-price-list__item\">\t\t\t\t\t\t\t\t\t\t<div class=\"m-neuron-price-list__text\">\r\n\t\t\t\t\t\t<div class=\"m-neuron-price-list__header\">\r\n\t\t\t\t\t\t\t\t\t\t\t\t\t\t\t<span class=\"m-neuron-price-list__title\">Third item on the list<\/span>\r\n\t\t\t\t\t\t\t\t\t\t\t\t\t\t\t\t\t\t\t\t\t\t<span class=\"m-neuron-price-list__separator\"><\/span>\r\n\t\t\t\t\t\t\t\t\t\t\t\t\t\t\t\t\t\t\t\t\t\t<span class=\"m-neuron-price-list__price\">$22<\/span>\r\n\t\t\t\t\t\t\t\t\t\t\t\t\t<\/div>\r\n\t\t\t\t\t\t\t\t\t\t\t\t\t<p class=\"m-neuron-price-list__description\">I am item content. Click edit button to change this text. Lorem ipsum dolor sit amet, consectetur adipiscing elit. Ut elit tellus, luctus nec ullamcorper mattis, pulvinar dapibus leo.<\/p>\r\n\t\t\t\t\t\t\t\t\t\t\t<\/div>\r\n\t\t\t\t<\/a><\/li>                    <\/ul>\r\n\t\t\t\t\t<\/div>\n\t\t\t\t<\/div>\n\t\t\t\t<\/div>\n\t\t<div class=\"elementor-element elementor-element-1a2dfb55 e-con-full e-flex e-con e-child\" data-id=\"1a2dfb55\" data-element_type=\"container\" data-e-type=\"container\">\n\t\t\t\t<div class=\"elementor-element elementor-element-2e17ba4f elementor-widget elementor-widget-neuron-price-list\" data-id=\"2e17ba4f\" data-element_type=\"widget\" data-e-type=\"widget\" data-widget_type=\"neuron-price-list.default\">\n\t\t\t\t<div class=\"elementor-widget-container\">\n\t\t\t\t\t        <ul class=\"m-neuron-price-list\">\r\n                            <li><a href=\"#\" class=\"m-neuron-price-list__item\">\t\t\t\t\t\t\t\t\t\t<div class=\"m-neuron-price-list__text\">\r\n\t\t\t\t\t\t<div class=\"m-neuron-price-list__header\">\r\n\t\t\t\t\t\t\t\t\t\t\t\t\t\t\t<span class=\"m-neuron-price-list__title\">First item on the list<\/span>\r\n\t\t\t\t\t\t\t\t\t\t\t\t\t\t\t\t\t\t\t\t\t\t<span class=\"m-neuron-price-list__separator\"><\/span>\r\n\t\t\t\t\t\t\t\t\t\t\t\t\t\t\t\t\t\t\t\t\t\t<span class=\"m-neuron-price-list__price\">$20<\/span>\r\n\t\t\t\t\t\t\t\t\t\t\t\t\t<\/div>\r\n\t\t\t\t\t\t\t\t\t\t\t\t\t<p class=\"m-neuron-price-list__description\">I am item content. Click edit button to change this text. Lorem ipsum dolor sit amet, consectetur adipiscing elit. Ut elit tellus, luctus nec ullamcorper mattis, pulvinar dapibus leo.<\/p>\r\n\t\t\t\t\t\t\t\t\t\t\t<\/div>\r\n\t\t\t\t<\/a><\/li>                            <li><a href=\"#\" class=\"m-neuron-price-list__item\">\t\t\t\t\t\t\t\t\t\t<div class=\"m-neuron-price-list__text\">\r\n\t\t\t\t\t\t<div class=\"m-neuron-price-list__header\">\r\n\t\t\t\t\t\t\t\t\t\t\t\t\t\t\t<span class=\"m-neuron-price-list__title\">Second item on the list<\/span>\r\n\t\t\t\t\t\t\t\t\t\t\t\t\t\t\t\t\t\t\t\t\t\t<span class=\"m-neuron-price-list__separator\"><\/span>\r\n\t\t\t\t\t\t\t\t\t\t\t\t\t\t\t\t\t\t\t\t\t\t<span class=\"m-neuron-price-list__price\">$9<\/span>\r\n\t\t\t\t\t\t\t\t\t\t\t\t\t<\/div>\r\n\t\t\t\t\t\t\t\t\t\t\t\t\t<p class=\"m-neuron-price-list__description\">I am item content. Click edit button to change this text. Lorem ipsum dolor sit amet, consectetur adipiscing elit. Ut elit tellus, luctus nec ullamcorper mattis, pulvinar dapibus leo.<\/p>\r\n\t\t\t\t\t\t\t\t\t\t\t<\/div>\r\n\t\t\t\t<\/a><\/li>                            <li><a href=\"#\" class=\"m-neuron-price-list__item\">\t\t\t\t\t\t\t\t\t\t<div class=\"m-neuron-price-list__text\">\r\n\t\t\t\t\t\t<div class=\"m-neuron-price-list__header\">\r\n\t\t\t\t\t\t\t\t\t\t\t\t\t\t\t<span class=\"m-neuron-price-list__title\">Third item on the list<\/span>\r\n\t\t\t\t\t\t\t\t\t\t\t\t\t\t\t\t\t\t\t\t\t\t<span class=\"m-neuron-price-list__separator\"><\/span>\r\n\t\t\t\t\t\t\t\t\t\t\t\t\t\t\t\t\t\t\t\t\t\t<span class=\"m-neuron-price-list__price\">$22<\/span>\r\n\t\t\t\t\t\t\t\t\t\t\t\t\t<\/div>\r\n\t\t\t\t\t\t\t\t\t\t\t\t\t<p class=\"m-neuron-price-list__description\">I am item content. Click edit button to change this text. Lorem ipsum dolor sit amet, consectetur adipiscing elit. Ut elit tellus, luctus nec ullamcorper mattis, pulvinar dapibus leo.<\/p>\r\n\t\t\t\t\t\t\t\t\t\t\t<\/div>\r\n\t\t\t\t<\/a><\/li>                    <\/ul>\r\n\t\t\t\t\t<\/div>\n\t\t\t\t<\/div>\n\t\t\t\t<\/div>\n\t\t\t\t<\/div>\n\t\t\t\t<\/div>\n\t\t\t\t<\/div>","protected":false},"excerpt":{"rendered":"<p>HOME MENU TIMEOUT MENU TIMEOUT MARKET Das m\u00e3os dos pequenos produtores at\u00e9 \u00e0 nossa mesa, para lhe dar a experimentar os melhores sabores e segredos de portugal. Aqui celebramos as nossas origens, tradi\u00e7\u00f5es, cultura e heran\u00e7a gastron\u00f3mica, tratando estes produtos com o carinho e respeito que tanto merecem. O m\u00e9rito \u00e9 dos homens e mulheres&#8230;<\/p>","protected":false},"author":1,"featured_media":0,"parent":0,"menu_order":0,"comment_status":"closed","ping_status":"closed","template":"","meta":{"footnotes":""},"class_list":["post-5009","page","type-page","status-publish","hentry"],"_links":{"self":[{"href":"http:\/\/tabua-rasa.com\/en\/wp-json\/wp\/v2\/pages\/5009","targetHints":{"allow":["GET"]}}],"collection":[{"href":"http:\/\/tabua-rasa.com\/en\/wp-json\/wp\/v2\/pages"}],"about":[{"href":"http:\/\/tabua-rasa.com\/en\/wp-json\/wp\/v2\/types\/page"}],"author":[{"embeddable":true,"href":"http:\/\/tabua-rasa.com\/en\/wp-json\/wp\/v2\/users\/1"}],"replies":[{"embeddable":true,"href":"http:\/\/tabua-rasa.com\/en\/wp-json\/wp\/v2\/comments?post=5009"}],"version-history":[{"count":22,"href":"http:\/\/tabua-rasa.com\/en\/wp-json\/wp\/v2\/pages\/5009\/revisions"}],"predecessor-version":[{"id":5172,"href":"http:\/\/tabua-rasa.com\/en\/wp-json\/wp\/v2\/pages\/5009\/revisions\/5172"}],"wp:attachment":[{"href":"http:\/\/tabua-rasa.com\/en\/wp-json\/wp\/v2\/media?parent=5009"}],"curies":[{"name":"wp","href":"https:\/\/api.w.org\/{rel}","templated":true}]}}