{"id":4789,"date":"2024-05-16T19:10:45","date_gmt":"2024-05-16T19:10:45","guid":{"rendered":"http:\/\/tabua-rasa.com\/?page_id=4789"},"modified":"2024-05-17T10:05:49","modified_gmt":"2024-05-17T10:05:49","slug":"elementor-4789","status":"publish","type":"page","link":"http:\/\/tabua-rasa.com\/en\/elementor-4789\/","title":{"rendered":"ORIGINS"},"content":{"rendered":"<div data-elementor-type=\"wp-page\" data-elementor-id=\"4789\" class=\"elementor elementor-4789\">\n\t\t\t\t<div class=\"elementor-element elementor-element-247a4cf e-con-full e-flex e-con e-parent\" data-id=\"247a4cf\" data-element_type=\"container\" data-e-type=\"container\">\n\t\t<div class=\"elementor-element elementor-element-5c10399 e-con-full e-flex e-con e-child\" data-id=\"5c10399\" data-element_type=\"container\" data-e-type=\"container\">\n\t\t\t\t<div class=\"elementor-element elementor-element-e74f5b9 elementor-widget elementor-widget-image\" data-id=\"e74f5b9\" data-element_type=\"widget\" data-e-type=\"widget\" data-widget_type=\"image.default\">\n\t\t\t\t<div class=\"elementor-widget-container\">\n\t\t\t\t\t\t\t\t\t\t\t\t\t\t\t<img fetchpriority=\"high\" decoding=\"async\" width=\"720\" height=\"360\" src=\"http:\/\/tabua-rasa.com\/wp-content\/uploads\/2024\/05\/Serra_Estrela.jpg\" class=\"attachment-full size-full wp-image-4718\" alt=\"\" srcset=\"http:\/\/tabua-rasa.com\/wp-content\/uploads\/2024\/05\/Serra_Estrela.jpg 720w, http:\/\/tabua-rasa.com\/wp-content\/uploads\/2024\/05\/Serra_Estrela-300x150.jpg 300w, http:\/\/tabua-rasa.com\/wp-content\/uploads\/2024\/05\/Serra_Estrela-600x300.jpg 600w\" sizes=\"(max-width: 720px) 100vw, 720px\" \/>\t\t\t\t\t\t\t\t\t\t\t\t\t\t\t<\/div>\n\t\t\t\t<\/div>\n\t\t\t\t<div class=\"elementor-element elementor-element-b72d527 elementor-widget elementor-widget-heading\" data-id=\"b72d527\" data-element_type=\"widget\" data-e-type=\"widget\" data-widget_type=\"heading.default\">\n\t\t\t\t<div class=\"elementor-widget-container\">\n\t\t\t\t\t<h2 class=\"elementor-heading-title elementor-size-default\">ORIGINS<\/h2>\t\t\t\t<\/div>\n\t\t\t\t<\/div>\n\t\t\t\t<div class=\"elementor-element elementor-element-5e0c956 elementor-widget elementor-widget-text-editor\" data-id=\"5e0c956\" data-element_type=\"widget\" data-e-type=\"widget\" data-widget_type=\"text-editor.default\">\n\t\t\t\t<div class=\"elementor-widget-container\">\n\t\t\t\t\t\t\t\t\t<p>Das m\u00e3os dos pequenos produtores at\u00e9 \u00e0 nossa mesa, para lhe dar a experimentar os melhores sabores e segredos de portugal. Aqui celebramos as nossas origens, tradi\u00e7\u00f5es, cultura e heran\u00e7a gastron\u00f3mica, tratando estes produtos com o carinho e respeito que tanto merecem. O m\u00e9rito \u00e9 dos homens e mulheres que dedicam a sua vida \u00e0 produ\u00e7\u00e3o de produtos de culto e motivadores de paix\u00f5es. S\u00e3o eles que pastoreiam as ovelhas em campos de pasto seleccionado. S\u00e3o eles que esperam pacientemente as dezenas de meses de cura de um presunto. S\u00e3o eles que trazem nas m\u00e3os os saberes, e os sabores, das tradi\u00e7\u00f5es milenares, e assim lhes d\u00e3o continuidade<\/p>\t\t\t\t\t\t\t\t<\/div>\n\t\t\t\t<\/div>\n\t\t\t\t<\/div>\n\t\t\t\t<\/div>\n\t\t<div class=\"elementor-element elementor-element-08d9ff2 e-con-full e-flex e-con e-parent\" data-id=\"08d9ff2\" data-element_type=\"container\" data-e-type=\"container\">\n\t\t<div class=\"elementor-element elementor-element-e8b1ff8 e-con-full e-flex e-con e-child\" data-id=\"e8b1ff8\" data-element_type=\"container\" data-e-type=\"container\">\n\t\t\t\t<div class=\"elementor-element elementor-element-f3c6002 elementor-widget elementor-widget-image\" data-id=\"f3c6002\" data-element_type=\"widget\" data-e-type=\"widget\" data-widget_type=\"image.default\">\n\t\t\t\t<div class=\"elementor-widget-container\">\n\t\t\t\t\t\t\t\t\t\t\t\t\t\t\t<img decoding=\"async\" width=\"768\" height=\"562\" src=\"http:\/\/tabua-rasa.com\/wp-content\/uploads\/2024\/05\/15440374_1326576200749302_8180540775684489603_o2-e1742147800203.jpg\" class=\"attachment-full size-full wp-image-4720\" alt=\"\" srcset=\"http:\/\/tabua-rasa.com\/wp-content\/uploads\/2024\/05\/15440374_1326576200749302_8180540775684489603_o2-e1742147800203.jpg 768w, http:\/\/tabua-rasa.com\/wp-content\/uploads\/2024\/05\/15440374_1326576200749302_8180540775684489603_o2-e1742147800203-300x220.jpg 300w, http:\/\/tabua-rasa.com\/wp-content\/uploads\/2024\/05\/15440374_1326576200749302_8180540775684489603_o2-e1742147800203-16x12.jpg 16w\" sizes=\"(max-width: 768px) 100vw, 768px\" \/>\t\t\t\t\t\t\t\t\t\t\t\t\t\t\t<\/div>\n\t\t\t\t<\/div>\n\t\t\t\t<div class=\"elementor-element elementor-element-06375a2 elementor-widget elementor-widget-heading\" data-id=\"06375a2\" data-element_type=\"widget\" data-e-type=\"widget\" data-widget_type=\"heading.default\">\n\t\t\t\t<div class=\"elementor-widget-container\">\n\t\t\t\t\t<h2 class=\"elementor-heading-title elementor-size-default\">PRODUCTS<\/h2>\t\t\t\t<\/div>\n\t\t\t\t<\/div>\n\t\t<div class=\"elementor-element elementor-element-513349b e-con-full e-flex e-con e-child\" data-id=\"513349b\" data-element_type=\"container\" data-e-type=\"container\">\n\t\t<div class=\"elementor-element elementor-element-8505ba2 e-con-full e-flex e-con e-child\" data-id=\"8505ba2\" data-element_type=\"container\" data-e-type=\"container\">\n\t\t<div class=\"elementor-element elementor-element-da9f600 e-con-full e-flex e-con e-child\" data-id=\"da9f600\" data-element_type=\"container\" data-e-type=\"container\">\n\t\t\t\t<div class=\"elementor-element elementor-element-b72171d elementor-widget elementor-widget-heading\" data-id=\"b72171d\" data-element_type=\"widget\" data-e-type=\"widget\" data-widget_type=\"heading.default\">\n\t\t\t\t<div class=\"elementor-widget-container\">\n\t\t\t\t\t<h2 class=\"elementor-heading-title elementor-size-default\">CHEESES<\/h2>\t\t\t\t<\/div>\n\t\t\t\t<\/div>\n\t\t\t\t<div class=\"elementor-element elementor-element-f0a70b3 elementor-widget elementor-widget-text-editor\" data-id=\"f0a70b3\" data-element_type=\"widget\" data-e-type=\"widget\" data-widget_type=\"text-editor.default\">\n\t\t\t\t<div class=\"elementor-widget-container\">\n\t\t\t\t\t\t\t\t\t<p>When it comes to cheese, Portugal remains one of the world's best-kept secrets, offering exceptional quality, variety, and diversity that reflect the unique terroirs of each region. Our selection of more than twenty types of Portuguese cheese showcases some of the finest examples, covering different regions, milk types, textures, and intensities. Among them are Queijo da Serra, Terrincho Velho, Queijo Amarelo da Beira Baixa, Azeit\u00e3o, Niza, Ilha de S\u00e3o Miguel, Ilha de S\u00e3o Jorge, Cabra da Beira Baixa, and Queijo de Cabra Transmontano Velho\u2014just to name a few.<\/p>\t\t\t\t\t\t\t\t<\/div>\n\t\t\t\t<\/div>\n\t\t\t\t<\/div>\n\t\t<div class=\"elementor-element elementor-element-ff45157 e-con-full e-flex e-con e-child\" data-id=\"ff45157\" data-element_type=\"container\" data-e-type=\"container\">\n\t\t\t\t<div class=\"elementor-element elementor-element-0c1c3a0 elementor-widget elementor-widget-heading\" data-id=\"0c1c3a0\" data-element_type=\"widget\" data-e-type=\"widget\" data-widget_type=\"heading.default\">\n\t\t\t\t<div class=\"elementor-widget-container\">\n\t\t\t\t\t<h2 class=\"elementor-heading-title elementor-size-default\">CHARCUTERIE<\/h2>\t\t\t\t<\/div>\n\t\t\t\t<\/div>\n\t\t\t\t<div class=\"elementor-element elementor-element-f6b3880 elementor-widget elementor-widget-text-editor\" data-id=\"f6b3880\" data-element_type=\"widget\" data-e-type=\"widget\" data-widget_type=\"text-editor.default\">\n\t\t\t\t<div class=\"elementor-widget-container\">\n\t\t\t\t\t\t\t\t\t<p>We work with the finest Portuguese cured meats and smoked delicacies, sourced from north to south of the country. The meat comes from protected and native breeds, raised in a natural, free-range environment.<\/p>\t\t\t\t\t\t\t\t<\/div>\n\t\t\t\t<\/div>\n\t\t\t\t<\/div>\n\t\t<div class=\"elementor-element elementor-element-ad3d9aa e-con-full e-flex e-con e-child\" data-id=\"ad3d9aa\" data-element_type=\"container\" data-e-type=\"container\">\n\t\t\t\t<div class=\"elementor-element elementor-element-ccb4952 elementor-widget elementor-widget-heading\" data-id=\"ccb4952\" data-element_type=\"widget\" data-e-type=\"widget\" data-widget_type=\"heading.default\">\n\t\t\t\t<div class=\"elementor-widget-container\">\n\t\t\t\t\t<h2 class=\"elementor-heading-title elementor-size-default\">TINNED FISH<\/h2>\t\t\t\t<\/div>\n\t\t\t\t<\/div>\n\t\t\t\t<div class=\"elementor-element elementor-element-83ba8fc elementor-widget elementor-widget-text-editor\" data-id=\"83ba8fc\" data-element_type=\"widget\" data-e-type=\"widget\" data-widget_type=\"text-editor.default\">\n\t\t\t\t<div class=\"elementor-widget-container\">\n\t\t\t\t\t\t\t\t\t<p>As conservas de peixe s\u00e3o uma das tradi\u00e7\u00f5es mais antigas de Portugal, enraizadas na nossas hist\u00f3ria gastron\u00f3mica e um reflexo intemporal da nossa rela\u00e7\u00e3o com o mar. No t\u00e1bua rasa elevamos as conservas a um patamar de distin\u00e7\u00e3o gastron\u00f3mica, com degusta\u00e7\u00f5es das melhores conservas e recria\u00e7\u00f5es inspiradas na culin\u00e1ria tradicional.<\/p>\t\t\t\t\t\t\t\t<\/div>\n\t\t\t\t<\/div>\n\t\t\t\t<\/div>\n\t\t<div class=\"elementor-element elementor-element-73d0f06 e-con-full e-flex e-con e-child\" data-id=\"73d0f06\" data-element_type=\"container\" data-e-type=\"container\">\n\t\t\t\t<div class=\"elementor-element elementor-element-4da3a9f elementor-widget elementor-widget-heading\" data-id=\"4da3a9f\" data-element_type=\"widget\" data-e-type=\"widget\" data-widget_type=\"heading.default\">\n\t\t\t\t<div class=\"elementor-widget-container\">\n\t\t\t\t\t<h2 class=\"elementor-heading-title elementor-size-default\">WINES<\/h2>\t\t\t\t<\/div>\n\t\t\t\t<\/div>\n\t\t\t\t<div class=\"elementor-element elementor-element-368c401 elementor-widget elementor-widget-text-editor\" data-id=\"368c401\" data-element_type=\"widget\" data-e-type=\"widget\" data-widget_type=\"text-editor.default\">\n\t\t\t\t<div class=\"elementor-widget-container\">\n\t\t\t\t\t\t\t\t\t<p>Numa casa portuguesa n\u00e3o poderiam faltar excelentes vinhos. No esp\u00edrito da nossa miss\u00e3o e filosofia, apresentamos uma selec\u00e7\u00e3o de vinhos 100% portugueses, das v\u00e1rias regi\u00f5es demarcadas e que representam e elevam as diferen\u00e7as entre os terroirs. Tamb\u00e9m aqui privilegiamos os pequenos produtores, que elaboram em pequena quantidade atrav\u00e9s de m\u00e9todos tradicionais e castas locais, resultando em vinhos surpreendentes, de excel\u00eancia e fora dos grandes circuitos comerciais. \u00c9 o caso do nosso pr\u00f3prio vinho com a marca T\u00e1bua Rasa, proveniente de uma pequena produ\u00e7\u00e3o do D\u00e3o, elaborado com castas tradicionais e desenhado para acompanhar os nossos queijos e enchidos.<\/p>\t\t\t\t\t\t\t\t<\/div>\n\t\t\t\t<\/div>\n\t\t\t\t<\/div>\n\t\t\t\t<\/div>\n\t\t\t\t<\/div>\n\t\t\t\t<\/div>\n\t\t\t\t<\/div>\n\t\t<div class=\"elementor-element elementor-element-84ba757 e-con-full e-flex e-con e-parent\" data-id=\"84ba757\" data-element_type=\"container\" data-e-type=\"container\">\n\t\t<div class=\"elementor-element elementor-element-5e6b8b1 e-con-full e-flex e-con e-child\" data-id=\"5e6b8b1\" data-element_type=\"container\" data-e-type=\"container\">\n\t\t\t\t<div class=\"elementor-element elementor-element-b597bed elementor-widget elementor-widget-image\" data-id=\"b597bed\" data-element_type=\"widget\" data-e-type=\"widget\" data-widget_type=\"image.default\">\n\t\t\t\t<div class=\"elementor-widget-container\">\n\t\t\t\t\t\t\t\t\t\t\t\t\t\t\t<img decoding=\"async\" width=\"1000\" height=\"631\" src=\"http:\/\/tabua-rasa.com\/wp-content\/uploads\/2024\/05\/galeria-tres-cerdos-barrancos-casa-do-porco-preto2.jpg\" class=\"attachment-full size-full wp-image-4719\" alt=\"\" srcset=\"http:\/\/tabua-rasa.com\/wp-content\/uploads\/2024\/05\/galeria-tres-cerdos-barrancos-casa-do-porco-preto2.jpg 1000w, http:\/\/tabua-rasa.com\/wp-content\/uploads\/2024\/05\/galeria-tres-cerdos-barrancos-casa-do-porco-preto2-300x189.jpg 300w, http:\/\/tabua-rasa.com\/wp-content\/uploads\/2024\/05\/galeria-tres-cerdos-barrancos-casa-do-porco-preto2-768x485.jpg 768w, http:\/\/tabua-rasa.com\/wp-content\/uploads\/2024\/05\/galeria-tres-cerdos-barrancos-casa-do-porco-preto2-600x379.jpg 600w\" sizes=\"(max-width: 1000px) 100vw, 1000px\" \/>\t\t\t\t\t\t\t\t\t\t\t\t\t\t\t<\/div>\n\t\t\t\t<\/div>\n\t\t\t\t<div class=\"elementor-element elementor-element-b6ea56b elementor-widget elementor-widget-heading\" data-id=\"b6ea56b\" data-element_type=\"widget\" data-e-type=\"widget\" data-widget_type=\"heading.default\">\n\t\t\t\t<div class=\"elementor-widget-container\">\n\t\t\t\t\t<h2 class=\"elementor-heading-title elementor-size-default\">SUSTENTABILIDADE<\/h2>\t\t\t\t<\/div>\n\t\t\t\t<\/div>\n\t\t\t\t<div class=\"elementor-element elementor-element-d9d925b elementor-widget elementor-widget-text-editor\" data-id=\"d9d925b\" data-element_type=\"widget\" data-e-type=\"widget\" data-widget_type=\"text-editor.default\">\n\t\t\t\t<div class=\"elementor-widget-container\">\n\t\t\t\t\t\t\t\t\t<p>O nosso esp\u00edrito de sustentabilidade \u00e9 transversal, combinando quest\u00f5es ambientais, culturais e econ\u00f3micas. Acreditamos que a sustentabilidade adv\u00e9m da utiliza\u00e7\u00e3o de produtos artesanais, biol\u00f3gicos e de origem local. Acreditamos na promo\u00e7\u00e3o das pequenas produ\u00e7\u00f5es, dos neg\u00f3cios familiares e de uma cultura de respeito pelo meio, pela natureza e pela mat\u00e9ria-prima, concretizando uma economia circular, baseada numa ac\u00e7\u00e3o equilibrada do homem, de reduzida pegada ecol\u00f3gica. O segredo est\u00e1 na genuinidade dos elementos, nas condi\u00e7\u00f5es do terroir, do pasto, na cria\u00e7\u00e3o de animais felizes que vivem em liberdade e se alimentam biologicamente, nas esp\u00e9cies aut\u00f3ctones, nas esta\u00e7\u00f5es at\u00e9 \u00e0 forma como o produto \u00e9 manuseado, com muito respeito e pouco desperd\u00edcio.<\/p>\t\t\t\t\t\t\t\t<\/div>\n\t\t\t\t<\/div>\n\t\t\t\t<\/div>\n\t\t\t\t<\/div>\n\t\t\t\t<\/div>","protected":false},"excerpt":{"rendered":"<p>ORIGENS Das m\u00e3os dos pequenos produtores at\u00e9 \u00e0 nossa mesa, para lhe dar a experimentar os melhores sabores e segredos de portugal. Aqui celebramos as nossas origens, tradi\u00e7\u00f5es, cultura e heran\u00e7a gastron\u00f3mica, tratando estes produtos com o carinho e respeito que tanto merecem. O m\u00e9rito \u00e9 dos homens e mulheres que dedicam a sua vida&#8230;<\/p>","protected":false},"author":1,"featured_media":0,"parent":0,"menu_order":0,"comment_status":"closed","ping_status":"closed","template":"","meta":{"footnotes":""},"class_list":["post-4789","page","type-page","status-publish","hentry"],"_links":{"self":[{"href":"http:\/\/tabua-rasa.com\/en\/wp-json\/wp\/v2\/pages\/4789","targetHints":{"allow":["GET"]}}],"collection":[{"href":"http:\/\/tabua-rasa.com\/en\/wp-json\/wp\/v2\/pages"}],"about":[{"href":"http:\/\/tabua-rasa.com\/en\/wp-json\/wp\/v2\/types\/page"}],"author":[{"embeddable":true,"href":"http:\/\/tabua-rasa.com\/en\/wp-json\/wp\/v2\/users\/1"}],"replies":[{"embeddable":true,"href":"http:\/\/tabua-rasa.com\/en\/wp-json\/wp\/v2\/comments?post=4789"}],"version-history":[{"count":19,"href":"http:\/\/tabua-rasa.com\/en\/wp-json\/wp\/v2\/pages\/4789\/revisions"}],"predecessor-version":[{"id":4995,"href":"http:\/\/tabua-rasa.com\/en\/wp-json\/wp\/v2\/pages\/4789\/revisions\/4995"}],"wp:attachment":[{"href":"http:\/\/tabua-rasa.com\/en\/wp-json\/wp\/v2\/media?parent=4789"}],"curies":[{"name":"wp","href":"https:\/\/api.w.org\/{rel}","templated":true}]}}